{"id":6554,"date":"2023-05-25T15:09:17","date_gmt":"2023-05-25T15:09:17","guid":{"rendered":"https:\/\/madeinnfaro.pt\/termos-e-condicoes\/"},"modified":"2023-08-09T10:30:21","modified_gmt":"2023-08-09T10:30:21","slug":"terms-and-conditions","status":"publish","type":"page","link":"https:\/\/madeinnfaro.pt\/en\/terms-and-conditions\/","title":{"rendered":"Terms and Conditions"},"content":{"rendered":"\t\t<div data-elementor-type=\"wp-page\" data-elementor-id=\"6554\" class=\"elementor elementor-6554 elementor-16\" data-elementor-post-type=\"page\">\n\t\t\t\t\t\t<section class=\"elementor-section elementor-top-section elementor-element elementor-element-e3510b2 elementor-section-boxed elementor-section-height-default elementor-section-height-default\" data-id=\"e3510b2\" data-element_type=\"section\" data-e-type=\"section\">\n\t\t\t\t\t\t<div class=\"elementor-container elementor-column-gap-default\">\n\t\t\t\t\t<div class=\"elementor-column elementor-col-100 elementor-top-column elementor-element elementor-element-77224b6\" data-id=\"77224b6\" data-element_type=\"column\" data-e-type=\"column\">\n\t\t\t<div class=\"elementor-widget-wrap elementor-element-populated\">\n\t\t\t\t\t\t<div class=\"elementor-element elementor-element-2a75c25 elementor-align-left elementor-widget elementor-widget-heading\" data-id=\"2a75c25\" data-element_type=\"widget\" data-e-type=\"widget\" data-widget_type=\"heading.default\">\n\t\t\t\t<div class=\"elementor-widget-container\">\n\t\t\t\t\t<h2 class=\"elementor-heading-title elementor-size-default\">Terms and Conditions<\/h2>\t\t\t\t<\/div>\n\t\t\t\t<\/div>\n\t\t\t\t<div class=\"elementor-element elementor-element-614bf08 elementor-align-left elementor-widget elementor-widget-heading\" data-id=\"614bf08\" data-element_type=\"widget\" data-e-type=\"widget\" data-widget_type=\"heading.default\">\n\t\t\t\t<div class=\"elementor-widget-container\">\n\t\t\t\t\t<h3 class=\"elementor-heading-title elementor-size-default\">Reservations <\/h3>\t\t\t\t<\/div>\n\t\t\t\t<\/div>\n\t\t\t\t<div class=\"elementor-element elementor-element-78f0873 elementor-widget elementor-widget-text-editor\" data-id=\"78f0873\" data-element_type=\"widget\" data-e-type=\"widget\" data-widget_type=\"text-editor.default\">\n\t\t\t\t<div class=\"elementor-widget-container\">\n\t\t\t\t\t        <div class=\"elementor-text-editor elementor-clearfix\"><p><span data-contrast=\"auto\">Cribs and extra beds are available upon request and subject to availability.<\/span><span data-ccp-props=\"{&quot;201341983&quot;:0,&quot;335559739&quot;:160,&quot;335559740&quot;:259}\">\u00a0<\/span><\/p><p><span data-contrast=\"auto\">Children up to 4 years old stay in cribs free of charge (except for some exceptions mentioned).<\/span><span data-ccp-props=\"{&quot;201341983&quot;:0,&quot;335559739&quot;:160,&quot;335559740&quot;:259}\">\u00a0<\/span><\/p><p><span data-contrast=\"auto\">Children between 5 and 12 years old are charged a different rate depending on the season. For children above 12 years old, the price for an extra bed differs. Please contact us for details.<\/span><span data-ccp-props=\"{&quot;201341983&quot;:0,&quot;335559739&quot;:160,&quot;335559740&quot;:259}\">\u00a0<\/span><\/p><p><span data-contrast=\"auto\">The prices may include buffet breakfast (some rates may not include it) and access to all our complimentary services (Wi-Fi in the room and common areas).<\/span><span data-ccp-props=\"{&quot;201341983&quot;:0,&quot;335559739&quot;:160,&quot;335559740&quot;:259}\">\u00a0<\/span><\/p><\/div>\n        \t\t\t\t<\/div>\n\t\t\t\t<\/div>\n\t\t\t\t<div class=\"elementor-element elementor-element-b08e1e5 elementor-align-left elementor-widget elementor-widget-heading\" data-id=\"b08e1e5\" data-element_type=\"widget\" data-e-type=\"widget\" data-widget_type=\"heading.default\">\n\t\t\t\t<div class=\"elementor-widget-container\">\n\t\t\t\t\t<h3 class=\"elementor-heading-title elementor-size-default\">Cancellations and Others <\/h3>\t\t\t\t<\/div>\n\t\t\t\t<\/div>\n\t\t\t\t<div class=\"elementor-element elementor-element-a8cea92 elementor-widget elementor-widget-text-editor\" data-id=\"a8cea92\" data-element_type=\"widget\" data-e-type=\"widget\" data-widget_type=\"text-editor.default\">\n\t\t\t\t<div class=\"elementor-widget-container\">\n\t\t\t\t\t        <div class=\"elementor-text-editor elementor-clearfix\"><p><span data-contrast=\"auto\">If canceled or modified 2 days before the arrival date, no penalty will be charged.<\/span><span data-ccp-props=\"{&quot;201341983&quot;:0,&quot;335559739&quot;:160,&quot;335559740&quot;:259}\">\u00a0<\/span><\/p><p><span data-contrast=\"auto\">If canceled or modified late, 100% of the first night will be charged after the modification\/cancellation.<\/span><span data-ccp-props=\"{&quot;201341983&quot;:0,&quot;335559739&quot;:160,&quot;335559740&quot;:259}\">\u00a0<\/span><\/p><p><span data-contrast=\"auto\">In case of no-show, the total value of the reservation will be charged.<\/span><span data-ccp-props=\"{&quot;201341983&quot;:0,&quot;335559739&quot;:160,&quot;335559740&quot;:259}\">\u00a0<\/span><\/p><p><span data-contrast=\"auto\">If you have made a non-refundable reservation, no refund will be provided after cancellation or modification.<\/span><span data-ccp-props=\"{&quot;201341983&quot;:0,&quot;335559739&quot;:160,&quot;335559740&quot;:259}\">\u00a0<\/span><\/p><p><span data-contrast=\"auto\">Credit card required at the time of booking. The Hotel reserves the right to pre-authorize the credit card.<\/span><span data-ccp-props=\"{&quot;201341983&quot;:0,&quot;335559739&quot;:160,&quot;335559740&quot;:259}\">\u00a0<\/span><\/p><p><span data-contrast=\"auto\">(Other cancellation policies, if any, will always be mentioned during the booking process).<\/span><span data-ccp-props=\"{&quot;201341983&quot;:0,&quot;335559739&quot;:160,&quot;335559740&quot;:259}\">\u00a0<\/span><\/p><\/div>\n        \t\t\t\t<\/div>\n\t\t\t\t<\/div>\n\t\t\t\t<div class=\"elementor-element elementor-element-0a93582 elementor-align-left elementor-widget elementor-widget-heading\" data-id=\"0a93582\" data-element_type=\"widget\" data-e-type=\"widget\" data-widget_type=\"heading.default\">\n\t\t\t\t<div class=\"elementor-widget-container\">\n\t\t\t\t\t<h3 class=\"elementor-heading-title elementor-size-default\">Others <\/h3>\t\t\t\t<\/div>\n\t\t\t\t<\/div>\n\t\t\t\t<div class=\"elementor-element elementor-element-e56236b elementor-widget elementor-widget-text-editor\" data-id=\"e56236b\" data-element_type=\"widget\" data-e-type=\"widget\" data-widget_type=\"text-editor.default\">\n\t\t\t\t<div class=\"elementor-widget-container\">\n\t\t\t\t\t        <div class=\"elementor-text-editor elementor-clearfix\"><p><span data-contrast=\"auto\">Hotel Made Inn Faro is a 100% non-smoking property; smoking is only allowed outdoors.<\/span><span data-ccp-props=\"{&quot;201341983&quot;:0,&quot;335559739&quot;:160,&quot;335559740&quot;:259}\">\u00a0<\/span><\/p><p><span data-contrast=\"auto\">Pets are not allowed.<\/span><span data-ccp-props=\"{&quot;201341983&quot;:0,&quot;335559739&quot;:160,&quot;335559740&quot;:259}\">\u00a0<\/span><\/p><p><span data-contrast=\"auto\">Check-in is available from 2:00 PM to 11:30 PM; Check-out is until 12:00 PM.<\/span><span data-ccp-props=\"{&quot;201341983&quot;:0,&quot;335559739&quot;:160,&quot;335559740&quot;:259}\">\u00a0<\/span><\/p><p><b><span data-contrast=\"auto\">Alternative Dispute Resolution (ADR)<\/span><\/b><span data-ccp-props=\"{&quot;201341983&quot;:0,&quot;335559739&quot;:160,&quot;335559740&quot;:259}\">\u00a0<\/span><\/p><p><span data-contrast=\"auto\">(Article 18 of Law No. 144\/2015 of September 8th)<\/span><span data-ccp-props=\"{&quot;201341983&quot;:0,&quot;335559739&quot;:160,&quot;335559740&quot;:259}\">\u00a0<br \/><\/span><span data-contrast=\"auto\">CIMAAL &#8211; Centro de Informa\u00e7\u00e3o, Media\u00e7\u00e3o e Arbitragem de Conflitos de Consumo do Algarve<\/span><span data-ccp-props=\"{&quot;201341983&quot;:0,&quot;335559739&quot;:160,&quot;335559740&quot;:259}\">\u00a0<br \/><\/span><span data-contrast=\"auto\">Edif\u00edcio Ninho de Empresas,<\/span><span data-ccp-props=\"{&quot;201341983&quot;:0,&quot;335559739&quot;:160,&quot;335559740&quot;:259}\">\u00a0<br \/><\/span><span data-contrast=\"auto\">Estrada da Penha,<\/span><span data-ccp-props=\"{&quot;201341983&quot;:0,&quot;335559739&quot;:160,&quot;335559740&quot;:259}\">\u00a0<br \/><\/span><span data-contrast=\"auto\">8005-131 Faro<\/span><span data-ccp-props=\"{&quot;201341983&quot;:0,&quot;335559739&quot;:160,&quot;335559740&quot;:259}\">\u00a0<br \/><\/span><span data-contrast=\"auto\">Tel.: 289 823 135<\/span><span data-ccp-props=\"{&quot;201341983&quot;:0,&quot;335559739&quot;:160,&quot;335559740&quot;:259}\">\u00a0<br \/><\/span><span data-contrast=\"auto\">Email: apoio@consumidoronline.pt<\/span><span data-ccp-props=\"{&quot;201341983&quot;:0,&quot;335559739&quot;:160,&quot;335559740&quot;:259}\">\u00a0<br \/><\/span><span data-contrast=\"auto\">Website: http:\/\/www.consumidoronline.pt\/<\/span><span data-ccp-props=\"{&quot;201341983&quot;:0,&quot;335559739&quot;:160,&quot;335559740&quot;:259}\">\u00a0<\/span><\/p><p><span data-contrast=\"auto\">This company is not bound by adherence or legal requirement to any alternative dispute resolution entity.<\/span><span data-ccp-props=\"{&quot;201341983&quot;:0,&quot;335559739&quot;:160,&quot;335559740&quot;:259}\">\u00a0<\/span><\/p><\/div>\n        \t\t\t\t<\/div>\n\t\t\t\t<\/div>\n\t\t\t\t\t<\/div>\n\t\t<\/div>\n\t\t\t\t\t<\/div>\n\t\t<\/section>\n\t\t\t\t<\/div>\n\t\t","protected":false},"excerpt":{"rendered":"<p>Terms and Conditions Reservations Cribs and extra beds are available upon request and subject to availability.\u00a0 Children up to 4 years old stay in cribs free of charge (except for some exceptions mentioned).\u00a0 Children between 5 and 12 years old are charged a different rate depending on the season. For children above 12 years old, &hellip; <span class=\"more-link-wrap\"><a href=\"https:\/\/madeinnfaro.pt\/en\/terms-and-conditions\/\" class=\"more-link\">Read More <span class=\"screen-reader-text\"> &#8220;Terms and Conditions&#8221;<\/span><\/a><\/span><\/p>\n","protected":false},"author":1,"featured_media":0,"parent":0,"menu_order":0,"comment_status":"closed","ping_status":"closed","template":"","meta":{"inline_featured_image":false,"footnotes":""},"class_list":["post-6554","page","type-page","status-publish","hentry"],"yoast_head":"<!-- This site is optimized with the Yoast SEO plugin v27.2 - https:\/\/yoast.com\/product\/yoast-seo-wordpress\/ -->\n<title>Terms and Conditions - Made Inn Faro<\/title>\n<meta name=\"robots\" content=\"index, follow, max-snippet:-1, max-image-preview:large, max-video-preview:-1\" \/>\n<link rel=\"canonical\" href=\"https:\/\/madeinnfaro.pt\/en\/terms-and-conditions\/\" \/>\n<meta property=\"og:locale\" content=\"en_US\" \/>\n<meta property=\"og:type\" content=\"article\" \/>\n<meta property=\"og:title\" content=\"Terms and Conditions - Made Inn Faro\" \/>\n<meta property=\"og:description\" content=\"Terms and Conditions Reservations Cribs and extra beds are available upon request and subject to availability.\u00a0 Children up to 4 years old stay in cribs free of charge (except for some exceptions mentioned).\u00a0 Children between 5 and 12 years old are charged a different rate depending on the season. For children above 12 years old, &hellip; Read More &quot;Terms and Conditions&quot;\" \/>\n<meta property=\"og:url\" content=\"https:\/\/madeinnfaro.pt\/en\/terms-and-conditions\/\" \/>\n<meta property=\"og:site_name\" content=\"Made Inn Faro\" \/>\n<meta property=\"article:modified_time\" content=\"2023-08-09T10:30:21+00:00\" \/>\n<meta name=\"twitter:card\" content=\"summary_large_image\" \/>\n<meta name=\"twitter:label1\" content=\"Est. reading time\" \/>\n\t<meta name=\"twitter:data1\" content=\"2 minutes\" \/>\n<script type=\"application\/ld+json\" class=\"yoast-schema-graph\">{\"@context\":\"https:\/\/schema.org\",\"@graph\":[{\"@type\":\"WebPage\",\"@id\":\"https:\/\/madeinnfaro.pt\/en\/terms-and-conditions\/\",\"url\":\"https:\/\/madeinnfaro.pt\/en\/terms-and-conditions\/\",\"name\":\"Terms and Conditions - Made Inn Faro\",\"isPartOf\":{\"@id\":\"https:\/\/madeinnfaro.pt\/en\/#website\"},\"datePublished\":\"2023-05-25T15:09:17+00:00\",\"dateModified\":\"2023-08-09T10:30:21+00:00\",\"breadcrumb\":{\"@id\":\"https:\/\/madeinnfaro.pt\/en\/terms-and-conditions\/#breadcrumb\"},\"inLanguage\":\"en-US\",\"potentialAction\":[{\"@type\":\"ReadAction\",\"target\":[\"https:\/\/madeinnfaro.pt\/en\/terms-and-conditions\/\"]}]},{\"@type\":\"BreadcrumbList\",\"@id\":\"https:\/\/madeinnfaro.pt\/en\/terms-and-conditions\/#breadcrumb\",\"itemListElement\":[{\"@type\":\"ListItem\",\"position\":1,\"name\":\"In\u00edcio\",\"item\":\"https:\/\/madeinnfaro.pt\/en\/\"},{\"@type\":\"ListItem\",\"position\":2,\"name\":\"Terms and Conditions\"}]},{\"@type\":\"WebSite\",\"@id\":\"https:\/\/madeinnfaro.pt\/en\/#website\",\"url\":\"https:\/\/madeinnfaro.pt\/en\/\",\"name\":\"Made Inn Faro\",\"description\":\"O Hotel MADE INN Faro \u00e9 um hotel urbano, elegante, pr\u00e1tico e muito confort\u00e1vel. Situado na cidade de Faro, capital de distrito do sotavento Algarvio, tem vistas para a cidade e para a Ria Formosa.\",\"publisher\":{\"@id\":\"https:\/\/madeinnfaro.pt\/en\/#organization\"},\"potentialAction\":[{\"@type\":\"SearchAction\",\"target\":{\"@type\":\"EntryPoint\",\"urlTemplate\":\"https:\/\/madeinnfaro.pt\/en\/?s={search_term_string}\"},\"query-input\":{\"@type\":\"PropertyValueSpecification\",\"valueRequired\":true,\"valueName\":\"search_term_string\"}}],\"inLanguage\":\"en-US\"},{\"@type\":\"Organization\",\"@id\":\"https:\/\/madeinnfaro.pt\/en\/#organization\",\"name\":\"Made Inn Faro\",\"url\":\"https:\/\/madeinnfaro.pt\/en\/\",\"logo\":{\"@type\":\"ImageObject\",\"inLanguage\":\"en-US\",\"@id\":\"https:\/\/madeinnfaro.pt\/en\/#\/schema\/logo\/image\/\",\"url\":\"https:\/\/madeinnfaro.pt\/wp-content\/uploads\/2023\/05\/logo-made-inn-faro_250.png\",\"contentUrl\":\"https:\/\/madeinnfaro.pt\/wp-content\/uploads\/2023\/05\/logo-made-inn-faro_250.png\",\"width\":250,\"height\":169,\"caption\":\"Made Inn Faro\"},\"image\":{\"@id\":\"https:\/\/madeinnfaro.pt\/en\/#\/schema\/logo\/image\/\"}}]}<\/script>\n<!-- \/ Yoast SEO plugin. -->","yoast_head_json":{"title":"Terms and Conditions - Made Inn Faro","robots":{"index":"index","follow":"follow","max-snippet":"max-snippet:-1","max-image-preview":"max-image-preview:large","max-video-preview":"max-video-preview:-1"},"canonical":"https:\/\/madeinnfaro.pt\/en\/terms-and-conditions\/","og_locale":"en_US","og_type":"article","og_title":"Terms and Conditions - Made Inn Faro","og_description":"Terms and Conditions Reservations Cribs and extra beds are available upon request and subject to availability.\u00a0 Children up to 4 years old stay in cribs free of charge (except for some exceptions mentioned).\u00a0 Children between 5 and 12 years old are charged a different rate depending on the season. For children above 12 years old, &hellip; Read More \"Terms and Conditions\"","og_url":"https:\/\/madeinnfaro.pt\/en\/terms-and-conditions\/","og_site_name":"Made Inn Faro","article_modified_time":"2023-08-09T10:30:21+00:00","twitter_card":"summary_large_image","twitter_misc":{"Est. reading time":"2 minutes"},"schema":{"@context":"https:\/\/schema.org","@graph":[{"@type":"WebPage","@id":"https:\/\/madeinnfaro.pt\/en\/terms-and-conditions\/","url":"https:\/\/madeinnfaro.pt\/en\/terms-and-conditions\/","name":"Terms and Conditions - Made Inn Faro","isPartOf":{"@id":"https:\/\/madeinnfaro.pt\/en\/#website"},"datePublished":"2023-05-25T15:09:17+00:00","dateModified":"2023-08-09T10:30:21+00:00","breadcrumb":{"@id":"https:\/\/madeinnfaro.pt\/en\/terms-and-conditions\/#breadcrumb"},"inLanguage":"en-US","potentialAction":[{"@type":"ReadAction","target":["https:\/\/madeinnfaro.pt\/en\/terms-and-conditions\/"]}]},{"@type":"BreadcrumbList","@id":"https:\/\/madeinnfaro.pt\/en\/terms-and-conditions\/#breadcrumb","itemListElement":[{"@type":"ListItem","position":1,"name":"In\u00edcio","item":"https:\/\/madeinnfaro.pt\/en\/"},{"@type":"ListItem","position":2,"name":"Terms and Conditions"}]},{"@type":"WebSite","@id":"https:\/\/madeinnfaro.pt\/en\/#website","url":"https:\/\/madeinnfaro.pt\/en\/","name":"Made Inn Faro","description":"O Hotel MADE INN Faro \u00e9 um hotel urbano, elegante, pr\u00e1tico e muito confort\u00e1vel. Situado na cidade de Faro, capital de distrito do sotavento Algarvio, tem vistas para a cidade e para a Ria Formosa.","publisher":{"@id":"https:\/\/madeinnfaro.pt\/en\/#organization"},"potentialAction":[{"@type":"SearchAction","target":{"@type":"EntryPoint","urlTemplate":"https:\/\/madeinnfaro.pt\/en\/?s={search_term_string}"},"query-input":{"@type":"PropertyValueSpecification","valueRequired":true,"valueName":"search_term_string"}}],"inLanguage":"en-US"},{"@type":"Organization","@id":"https:\/\/madeinnfaro.pt\/en\/#organization","name":"Made Inn Faro","url":"https:\/\/madeinnfaro.pt\/en\/","logo":{"@type":"ImageObject","inLanguage":"en-US","@id":"https:\/\/madeinnfaro.pt\/en\/#\/schema\/logo\/image\/","url":"https:\/\/madeinnfaro.pt\/wp-content\/uploads\/2023\/05\/logo-made-inn-faro_250.png","contentUrl":"https:\/\/madeinnfaro.pt\/wp-content\/uploads\/2023\/05\/logo-made-inn-faro_250.png","width":250,"height":169,"caption":"Made Inn Faro"},"image":{"@id":"https:\/\/madeinnfaro.pt\/en\/#\/schema\/logo\/image\/"}}]}},"_links":{"self":[{"href":"https:\/\/madeinnfaro.pt\/en\/wp-json\/wp\/v2\/pages\/6554","targetHints":{"allow":["GET"]}}],"collection":[{"href":"https:\/\/madeinnfaro.pt\/en\/wp-json\/wp\/v2\/pages"}],"about":[{"href":"https:\/\/madeinnfaro.pt\/en\/wp-json\/wp\/v2\/types\/page"}],"author":[{"embeddable":true,"href":"https:\/\/madeinnfaro.pt\/en\/wp-json\/wp\/v2\/users\/1"}],"replies":[{"embeddable":true,"href":"https:\/\/madeinnfaro.pt\/en\/wp-json\/wp\/v2\/comments?post=6554"}],"version-history":[{"count":5,"href":"https:\/\/madeinnfaro.pt\/en\/wp-json\/wp\/v2\/pages\/6554\/revisions"}],"predecessor-version":[{"id":7104,"href":"https:\/\/madeinnfaro.pt\/en\/wp-json\/wp\/v2\/pages\/6554\/revisions\/7104"}],"wp:attachment":[{"href":"https:\/\/madeinnfaro.pt\/en\/wp-json\/wp\/v2\/media?parent=6554"}],"curies":[{"name":"wp","href":"https:\/\/api.w.org\/{rel}","templated":true}]}}