{"id":6524,"date":"2023-05-29T14:33:30","date_gmt":"2023-05-29T14:33:30","guid":{"rendered":"https:\/\/madeinnfaro.pt\/o-que-fazer\/"},"modified":"2023-07-17T09:42:30","modified_gmt":"2023-07-17T09:42:30","slug":"what-to-do","status":"publish","type":"page","link":"https:\/\/madeinnfaro.pt\/en\/what-to-do\/","title":{"rendered":"What to do"},"content":{"rendered":"\t\t<div data-elementor-type=\"wp-page\" data-elementor-id=\"6524\" class=\"elementor elementor-6524 elementor-5768\" data-elementor-post-type=\"page\">\n\t\t\t\t\t\t<section class=\"elementor-section elementor-top-section elementor-element elementor-element-c02b251 elementor-section-boxed elementor-section-height-default elementor-section-height-default\" data-id=\"c02b251\" data-element_type=\"section\" data-e-type=\"section\">\n\t\t\t\t\t\t<div class=\"elementor-container elementor-column-gap-default\">\n\t\t\t\t\t<div class=\"elementor-column elementor-col-100 elementor-top-column elementor-element elementor-element-daec310\" data-id=\"daec310\" data-element_type=\"column\" data-e-type=\"column\">\n\t\t\t<div class=\"elementor-widget-wrap elementor-element-populated\">\n\t\t\t\t\t\t<div class=\"elementor-element elementor-element-1c06e6c elementor-align-center elementor-widget elementor-widget-heading\" data-id=\"1c06e6c\" data-element_type=\"widget\" data-e-type=\"widget\" data-widget_type=\"heading.default\">\n\t\t\t\t<div class=\"elementor-widget-container\">\n\t\t\t\t\t<span class=\"sub-title\">Faro<\/span><h2 class=\"elementor-heading-title elementor-size-default\">What to do<\/h2>\t\t\t\t<\/div>\n\t\t\t\t<\/div>\n\t\t\t\t<div class=\"elementor-element elementor-element-16fc461 elementor-widget elementor-widget-text-editor\" data-id=\"16fc461\" data-element_type=\"widget\" data-e-type=\"widget\" data-widget_type=\"text-editor.default\">\n\t\t\t\t<div class=\"elementor-widget-container\">\n\t\t\t\t\t        <div class=\"elementor-text-editor elementor-clearfix\"><p><span data-contrast=\"auto\">Faro, a charming city located in the south of Portugal, offers a variety of fascinating activities for visitors to explore. Here are some suggestions on what to do in Faro:<\/span><span data-ccp-props=\"{&quot;134233117&quot;:true,&quot;134233118&quot;:true,&quot;201341983&quot;:0,&quot;335551550&quot;:6,&quot;335551620&quot;:6,&quot;335559739&quot;:160,&quot;335559740&quot;:240}\">\u00a0<\/span><\/p><p><span data-contrast=\"auto\">Explore the Historic Center: Get lost in the picturesque streets of Faro&#8217;s historic center, known as the <\/span><b><span data-contrast=\"auto\">Old Town<\/span><\/b><span data-contrast=\"auto\">. <\/span><span data-contrast=\"auto\">Discover the authentic atmosphere, admire the charming architecture and visit the <\/span><b><span data-contrast=\"auto\">Faro Cathedral<\/span><\/b><span data-contrast=\"auto\">, an imposing historical landmark. <\/span><b><span data-contrast=\"auto\">Rua de Santo Ant\u00f3nio<\/span><\/b><span data-contrast=\"auto\"> is also very famous.<\/span><span data-ccp-props=\"{&quot;134233117&quot;:true,&quot;134233118&quot;:true,&quot;201341983&quot;:0,&quot;335551550&quot;:6,&quot;335551620&quot;:6,&quot;335559739&quot;:160,&quot;335559740&quot;:240}\">\u00a0<\/span><\/p><p><span data-contrast=\"auto\">Visit Ria Formosa: <\/span><b><span data-contrast=\"auto\">Ria Formosa<\/span><\/b><span data-contrast=\"auto\"> is a stunning natural reserve that stretches along the coast of Faro. <\/span><b><span data-contrast=\"auto\">Take a boat<\/span><\/b><span data-contrast=\"auto\"> tour through its calm waters, observe migratory birds (<\/span><b><span data-contrast=\"auto\">birdwatching<\/span><\/b><span data-contrast=\"auto\">) and enjoy the beautiful landscapes.<\/span><span data-ccp-props=\"{&quot;134233117&quot;:true,&quot;134233118&quot;:true,&quot;201341983&quot;:0,&quot;335551550&quot;:6,&quot;335551620&quot;:6,&quot;335559739&quot;:160,&quot;335559740&quot;:240}\">\u00a0<\/span><\/p><p><span data-contrast=\"auto\">Explore the Islands of Ria Formosa: Buy a boat ticket from Faro&#8217;s pier and visit some of the islands of Ria Formosa, such as <\/span><b><span data-contrast=\"auto\">Ilha do Farol<\/span><\/b><span data-contrast=\"auto\"> or <\/span><b><span data-contrast=\"auto\">Faro Beach<\/span><\/b><span data-contrast=\"auto\">. <\/span><span data-contrast=\"auto\">Relax on the golden sandy beaches, swim in the crystal-clear waters and soak in the tranquility of the surroundings.<\/span><span data-ccp-props=\"{&quot;134233117&quot;:true,&quot;134233118&quot;:true,&quot;201341983&quot;:0,&quot;335551550&quot;:6,&quot;335551620&quot;:6,&quot;335559739&quot;:160,&quot;335559740&quot;:240}\">\u00a0<\/span><\/p><p><span data-contrast=\"auto\">Follow the <\/span><b><span data-contrast=\"auto\">Route of National Road 2<\/span><\/b><span data-contrast=\"auto\">: Faro marks the end of this famous Portuguese road at Km 738. Learn more at <span style=\"color: #066a7a;\"><a style=\"color: #066a7a;\" href=\"https:\/\/www.cm-faro.pt\/pt\/menu\/1445\/rota-da-estrada-nacional-2.aspx\" target=\"_blank\" rel=\"noopener noreferrer nofollow\">CM Faro<\/a><\/span>.<\/span><\/p><p><span data-contrast=\"auto\">Visit the Municipal Museum of Faro: Located in the former <\/span><b><span data-contrast=\"auto\">Convent of Nossa Senhora da Assun\u00e7\u00e3o<\/span><\/b><span data-contrast=\"auto\">, the <\/span><b><span data-contrast=\"auto\">Municipal Museum of Faro<\/span><\/b><span data-contrast=\"auto\"> houses a rich collection that tells the history of the city and the region. Discover archaeological artifacts, art and interesting exhibitions.<\/span><span data-ccp-props=\"{&quot;134233117&quot;:true,&quot;134233118&quot;:true,&quot;201341983&quot;:0,&quot;335551550&quot;:6,&quot;335551620&quot;:6,&quot;335559739&quot;:160,&quot;335559740&quot;:240}\">\u00a0<\/span><\/p><p><span data-contrast=\"auto\">Visit the Bone Chapel: The <\/span><b><span data-contrast=\"auto\">Bone Chapel<\/span><\/b><span data-contrast=\"auto\"> is a unique attraction in Faro. Located inside the <\/span><b><span data-contrast=\"auto\">Church of Carmo<\/span><\/b><span data-contrast=\"auto\">, it is decorated with human bones and offers an intriguing and macabre experience.<\/span><span data-ccp-props=\"{&quot;134233117&quot;:true,&quot;134233118&quot;:true,&quot;201341983&quot;:0,&quot;335551550&quot;:6,&quot;335551620&quot;:6,&quot;335559739&quot;:160,&quot;335559740&quot;:240}\">\u00a0<\/span><\/p><p><span data-contrast=\"auto\">Savor the Local Gastronomy: Don&#8217;t miss the opportunity to try traditional Algarve dishes in Faro, such as <\/span><b><span data-contrast=\"auto\">seafood cataplana, razor clams <\/span><\/b><span data-contrast=\"auto\">and<\/span><b><span data-contrast=\"auto\"> oysters<\/span><\/b><span data-contrast=\"auto\">. Delight in fresh fish and seafood, cataplanas, <\/span><b><span data-contrast=\"auto\">grilled meats<\/span><\/b><span data-contrast=\"auto\"> and <\/span><b><span data-contrast=\"auto\">regional sweets<\/span><\/b><span data-contrast=\"auto\">, accompanied by <\/span><b><span data-contrast=\"auto\">good wine<\/span><\/b><span data-contrast=\"auto\">.<\/span><span data-ccp-props=\"{&quot;134233117&quot;:true,&quot;134233118&quot;:true,&quot;201341983&quot;:0,&quot;335551550&quot;:6,&quot;335551620&quot;:6,&quot;335559739&quot;:160,&quot;335559740&quot;:240}\">\u00a0<\/span><\/p><p><span data-contrast=\"auto\">Go Shopping at <\/span><b><span data-contrast=\"auto\">Forum Algarve<\/span><\/b><span data-contrast=\"auto\">: If you&#8217;re a fan of shopping malls, you&#8217;ll find all the stores you need to satisfy your needs here.<\/span><span data-ccp-props=\"{&quot;134233117&quot;:true,&quot;134233118&quot;:true,&quot;201341983&quot;:0,&quot;335551550&quot;:6,&quot;335551620&quot;:6,&quot;335559739&quot;:160,&quot;335559740&quot;:240}\">\u00a0<\/span><\/p><p><span data-contrast=\"auto\">Explore Vila Adentro: <\/span><b><span data-contrast=\"auto\">Vila Adentro<\/span><\/b><span data-contrast=\"auto\"> (the historic center of Faro) is the oldest part of Faro, surrounded by <\/span><b><span data-contrast=\"auto\">medieval walls<\/span><\/b><span data-contrast=\"auto\">. Walk through the narrow cobblestone streets, visit the old cathedral, and enjoy <\/span><b><span data-contrast=\"auto\">panoramic views<\/span><\/b> <b><span data-contrast=\"auto\">of the city<\/span><\/b><span data-contrast=\"auto\"> from the walls.<\/span><span data-ccp-props=\"{&quot;134233117&quot;:true,&quot;134233118&quot;:true,&quot;201341983&quot;:0,&quot;335551550&quot;:6,&quot;335551620&quot;:6,&quot;335559739&quot;:160,&quot;335559740&quot;:240}\">\u00a0<\/span><\/p><p><span data-contrast=\"auto\">Enjoy the Nightlife: Faro offers a <\/span><b><span data-contrast=\"auto\">lively nightlife scene<\/span><\/b><span data-contrast=\"auto\"> with bars, clubs, and live music. Explore the bar area in the city center known as &#8220;<\/span><b><span data-contrast=\"auto\">Rua do Prior<\/span><\/b><span data-contrast=\"auto\">&#8221; and have a fun and vibrant night out.<\/span><span data-ccp-props=\"{&quot;134233117&quot;:true,&quot;134233118&quot;:true,&quot;201341983&quot;:0,&quot;335551550&quot;:6,&quot;335551620&quot;:6,&quot;335559739&quot;:160,&quot;335559740&quot;:240}\">\u00a0<\/span><\/p><p><span data-contrast=\"auto\">Visit the <\/span><b><span data-contrast=\"auto\">Centro de Ci\u00eancia Viva do Algarve<\/span><\/b><span data-contrast=\"auto\">: Dedicated to promoting science and <\/span><b><span data-contrast=\"auto\">interactive learning<\/span><\/b><span data-contrast=\"auto\">, the center is an exciting educational destination for visitors of all ages. <\/span><span data-contrast=\"auto\">With its interactive exhibits, educational workshops, the Planetarium, the Scientific Garden, and a variety of engaging activities, the center offers a unique learning experience that stimulates scientific curiosity and promotes knowledge in a <\/span><b><span data-contrast=\"auto\">fun environment<\/span><\/b><span data-contrast=\"auto\">.<\/span><span data-ccp-props=\"{&quot;134233117&quot;:true,&quot;134233118&quot;:true,&quot;201341983&quot;:0,&quot;335551550&quot;:6,&quot;335551620&quot;:6,&quot;335559739&quot;:160,&quot;335559740&quot;:240}\">\u00a0<\/span><\/p><p><span data-contrast=\"auto\">Watch a football match or another event at the <\/span><b><span data-contrast=\"auto\">Algarve Stadium<\/span><\/b><span data-contrast=\"auto\"> in Almancil (in Parque das Cidades, between Faro and Loul\u00e9).<\/span><span data-ccp-props=\"{&quot;134233117&quot;:true,&quot;134233118&quot;:true,&quot;201341983&quot;:0,&quot;335551550&quot;:6,&quot;335551620&quot;:6,&quot;335559739&quot;:160,&quot;335559740&quot;:240}\">\u00a0<\/span><\/p><p><span data-contrast=\"auto\">These are just some of the many activities Faro has to offer. <\/span><span data-contrast=\"auto\">The city captivates visitors with its rich history, beautiful landscapes and cultural authenticity, providing an unforgettable experience for all who explore it.<\/span><span data-ccp-props=\"{&quot;134233117&quot;:true,&quot;134233118&quot;:true,&quot;201341983&quot;:0,&quot;335551550&quot;:6,&quot;335551620&quot;:6,&quot;335559739&quot;:160,&quot;335559740&quot;:240}\">\u00a0<\/span><\/p><\/div>\n        \t\t\t\t<\/div>\n\t\t\t\t<\/div>\n\t\t\t\t\t<\/div>\n\t\t<\/div>\n\t\t\t\t\t<\/div>\n\t\t<\/section>\n\t\t\t\t<\/div>\n\t\t","protected":false},"excerpt":{"rendered":"<p>Faro What to do Faro, a charming city located in the south of Portugal, offers a variety of fascinating activities for visitors to explore. Here are some suggestions on what to do in Faro:\u00a0 Explore the Historic Center: Get lost in the picturesque streets of Faro&#8217;s historic center, known as the Old Town. Discover the &hellip; <span class=\"more-link-wrap\"><a href=\"https:\/\/madeinnfaro.pt\/en\/what-to-do\/\" class=\"more-link\">Read More <span class=\"screen-reader-text\"> &#8220;What to do&#8221;<\/span><\/a><\/span><\/p>\n","protected":false},"author":1,"featured_media":0,"parent":0,"menu_order":0,"comment_status":"closed","ping_status":"closed","template":"","meta":{"inline_featured_image":false,"footnotes":""},"class_list":["post-6524","page","type-page","status-publish","hentry"],"yoast_head":"<!-- This site is optimized with the Yoast SEO plugin v27.2 - https:\/\/yoast.com\/product\/yoast-seo-wordpress\/ -->\n<title>What to do - Made Inn Faro<\/title>\n<meta name=\"robots\" content=\"index, follow, max-snippet:-1, max-image-preview:large, max-video-preview:-1\" \/>\n<link rel=\"canonical\" href=\"https:\/\/madeinnfaro.pt\/en\/what-to-do\/\" \/>\n<meta property=\"og:locale\" content=\"en_US\" \/>\n<meta property=\"og:type\" content=\"article\" \/>\n<meta property=\"og:title\" content=\"What to do - Made Inn Faro\" \/>\n<meta property=\"og:description\" content=\"Faro What to do Faro, a charming city located in the south of Portugal, offers a variety of fascinating activities for visitors to explore. Here are some suggestions on what to do in Faro:\u00a0 Explore the Historic Center: Get lost in the picturesque streets of Faro&#8217;s historic center, known as the Old Town. Discover the &hellip; Read More &quot;What to do&quot;\" \/>\n<meta property=\"og:url\" content=\"https:\/\/madeinnfaro.pt\/en\/what-to-do\/\" \/>\n<meta property=\"og:site_name\" content=\"Made Inn Faro\" \/>\n<meta property=\"article:modified_time\" content=\"2023-07-17T09:42:30+00:00\" \/>\n<meta name=\"twitter:card\" content=\"summary_large_image\" \/>\n<meta name=\"twitter:label1\" content=\"Est. reading time\" \/>\n\t<meta name=\"twitter:data1\" content=\"3 minutes\" \/>\n<script type=\"application\/ld+json\" class=\"yoast-schema-graph\">{\"@context\":\"https:\/\/schema.org\",\"@graph\":[{\"@type\":\"WebPage\",\"@id\":\"https:\/\/madeinnfaro.pt\/en\/what-to-do\/\",\"url\":\"https:\/\/madeinnfaro.pt\/en\/what-to-do\/\",\"name\":\"What to do - Made Inn Faro\",\"isPartOf\":{\"@id\":\"https:\/\/madeinnfaro.pt\/en\/#website\"},\"datePublished\":\"2023-05-29T14:33:30+00:00\",\"dateModified\":\"2023-07-17T09:42:30+00:00\",\"breadcrumb\":{\"@id\":\"https:\/\/madeinnfaro.pt\/en\/what-to-do\/#breadcrumb\"},\"inLanguage\":\"en-US\",\"potentialAction\":[{\"@type\":\"ReadAction\",\"target\":[\"https:\/\/madeinnfaro.pt\/en\/what-to-do\/\"]}]},{\"@type\":\"BreadcrumbList\",\"@id\":\"https:\/\/madeinnfaro.pt\/en\/what-to-do\/#breadcrumb\",\"itemListElement\":[{\"@type\":\"ListItem\",\"position\":1,\"name\":\"In\u00edcio\",\"item\":\"https:\/\/madeinnfaro.pt\/en\/\"},{\"@type\":\"ListItem\",\"position\":2,\"name\":\"What to do\"}]},{\"@type\":\"WebSite\",\"@id\":\"https:\/\/madeinnfaro.pt\/en\/#website\",\"url\":\"https:\/\/madeinnfaro.pt\/en\/\",\"name\":\"Made Inn Faro\",\"description\":\"O Hotel MADE INN Faro \u00e9 um hotel urbano, elegante, pr\u00e1tico e muito confort\u00e1vel. Situado na cidade de Faro, capital de distrito do sotavento Algarvio, tem vistas para a cidade e para a Ria Formosa.\",\"publisher\":{\"@id\":\"https:\/\/madeinnfaro.pt\/en\/#organization\"},\"potentialAction\":[{\"@type\":\"SearchAction\",\"target\":{\"@type\":\"EntryPoint\",\"urlTemplate\":\"https:\/\/madeinnfaro.pt\/en\/?s={search_term_string}\"},\"query-input\":{\"@type\":\"PropertyValueSpecification\",\"valueRequired\":true,\"valueName\":\"search_term_string\"}}],\"inLanguage\":\"en-US\"},{\"@type\":\"Organization\",\"@id\":\"https:\/\/madeinnfaro.pt\/en\/#organization\",\"name\":\"Made Inn Faro\",\"url\":\"https:\/\/madeinnfaro.pt\/en\/\",\"logo\":{\"@type\":\"ImageObject\",\"inLanguage\":\"en-US\",\"@id\":\"https:\/\/madeinnfaro.pt\/en\/#\/schema\/logo\/image\/\",\"url\":\"https:\/\/madeinnfaro.pt\/wp-content\/uploads\/2023\/05\/logo-made-inn-faro_250.png\",\"contentUrl\":\"https:\/\/madeinnfaro.pt\/wp-content\/uploads\/2023\/05\/logo-made-inn-faro_250.png\",\"width\":250,\"height\":169,\"caption\":\"Made Inn Faro\"},\"image\":{\"@id\":\"https:\/\/madeinnfaro.pt\/en\/#\/schema\/logo\/image\/\"}}]}<\/script>\n<!-- \/ Yoast SEO plugin. -->","yoast_head_json":{"title":"What to do - Made Inn Faro","robots":{"index":"index","follow":"follow","max-snippet":"max-snippet:-1","max-image-preview":"max-image-preview:large","max-video-preview":"max-video-preview:-1"},"canonical":"https:\/\/madeinnfaro.pt\/en\/what-to-do\/","og_locale":"en_US","og_type":"article","og_title":"What to do - Made Inn Faro","og_description":"Faro What to do Faro, a charming city located in the south of Portugal, offers a variety of fascinating activities for visitors to explore. Here are some suggestions on what to do in Faro:\u00a0 Explore the Historic Center: Get lost in the picturesque streets of Faro&#8217;s historic center, known as the Old Town. Discover the &hellip; Read More \"What to do\"","og_url":"https:\/\/madeinnfaro.pt\/en\/what-to-do\/","og_site_name":"Made Inn Faro","article_modified_time":"2023-07-17T09:42:30+00:00","twitter_card":"summary_large_image","twitter_misc":{"Est. reading time":"3 minutes"},"schema":{"@context":"https:\/\/schema.org","@graph":[{"@type":"WebPage","@id":"https:\/\/madeinnfaro.pt\/en\/what-to-do\/","url":"https:\/\/madeinnfaro.pt\/en\/what-to-do\/","name":"What to do - Made Inn Faro","isPartOf":{"@id":"https:\/\/madeinnfaro.pt\/en\/#website"},"datePublished":"2023-05-29T14:33:30+00:00","dateModified":"2023-07-17T09:42:30+00:00","breadcrumb":{"@id":"https:\/\/madeinnfaro.pt\/en\/what-to-do\/#breadcrumb"},"inLanguage":"en-US","potentialAction":[{"@type":"ReadAction","target":["https:\/\/madeinnfaro.pt\/en\/what-to-do\/"]}]},{"@type":"BreadcrumbList","@id":"https:\/\/madeinnfaro.pt\/en\/what-to-do\/#breadcrumb","itemListElement":[{"@type":"ListItem","position":1,"name":"In\u00edcio","item":"https:\/\/madeinnfaro.pt\/en\/"},{"@type":"ListItem","position":2,"name":"What to do"}]},{"@type":"WebSite","@id":"https:\/\/madeinnfaro.pt\/en\/#website","url":"https:\/\/madeinnfaro.pt\/en\/","name":"Made Inn Faro","description":"O Hotel MADE INN Faro \u00e9 um hotel urbano, elegante, pr\u00e1tico e muito confort\u00e1vel. Situado na cidade de Faro, capital de distrito do sotavento Algarvio, tem vistas para a cidade e para a Ria Formosa.","publisher":{"@id":"https:\/\/madeinnfaro.pt\/en\/#organization"},"potentialAction":[{"@type":"SearchAction","target":{"@type":"EntryPoint","urlTemplate":"https:\/\/madeinnfaro.pt\/en\/?s={search_term_string}"},"query-input":{"@type":"PropertyValueSpecification","valueRequired":true,"valueName":"search_term_string"}}],"inLanguage":"en-US"},{"@type":"Organization","@id":"https:\/\/madeinnfaro.pt\/en\/#organization","name":"Made Inn Faro","url":"https:\/\/madeinnfaro.pt\/en\/","logo":{"@type":"ImageObject","inLanguage":"en-US","@id":"https:\/\/madeinnfaro.pt\/en\/#\/schema\/logo\/image\/","url":"https:\/\/madeinnfaro.pt\/wp-content\/uploads\/2023\/05\/logo-made-inn-faro_250.png","contentUrl":"https:\/\/madeinnfaro.pt\/wp-content\/uploads\/2023\/05\/logo-made-inn-faro_250.png","width":250,"height":169,"caption":"Made Inn Faro"},"image":{"@id":"https:\/\/madeinnfaro.pt\/en\/#\/schema\/logo\/image\/"}}]}},"_links":{"self":[{"href":"https:\/\/madeinnfaro.pt\/en\/wp-json\/wp\/v2\/pages\/6524","targetHints":{"allow":["GET"]}}],"collection":[{"href":"https:\/\/madeinnfaro.pt\/en\/wp-json\/wp\/v2\/pages"}],"about":[{"href":"https:\/\/madeinnfaro.pt\/en\/wp-json\/wp\/v2\/types\/page"}],"author":[{"embeddable":true,"href":"https:\/\/madeinnfaro.pt\/en\/wp-json\/wp\/v2\/users\/1"}],"replies":[{"embeddable":true,"href":"https:\/\/madeinnfaro.pt\/en\/wp-json\/wp\/v2\/comments?post=6524"}],"version-history":[{"count":5,"href":"https:\/\/madeinnfaro.pt\/en\/wp-json\/wp\/v2\/pages\/6524\/revisions"}],"predecessor-version":[{"id":6910,"href":"https:\/\/madeinnfaro.pt\/en\/wp-json\/wp\/v2\/pages\/6524\/revisions\/6910"}],"wp:attachment":[{"href":"https:\/\/madeinnfaro.pt\/en\/wp-json\/wp\/v2\/media?parent=6524"}],"curies":[{"name":"wp","href":"https:\/\/api.w.org\/{rel}","templated":true}]}}