{"id":6497,"date":"2023-05-29T14:43:20","date_gmt":"2023-05-29T14:43:20","guid":{"rendered":"https:\/\/madeinnfaro.pt\/eventos\/"},"modified":"2023-07-03T15:34:19","modified_gmt":"2023-07-03T15:34:19","slug":"events","status":"publish","type":"page","link":"https:\/\/madeinnfaro.pt\/en\/events\/","title":{"rendered":"Events"},"content":{"rendered":"\t\t<div data-elementor-type=\"wp-page\" data-elementor-id=\"6497\" class=\"elementor elementor-6497 elementor-5790\" data-elementor-post-type=\"page\">\n\t\t\t\t\t\t<section class=\"elementor-section elementor-top-section elementor-element elementor-element-2cbd24de elementor-section-content-middle elementor-section-boxed elementor-section-height-default elementor-section-height-default\" data-id=\"2cbd24de\" data-element_type=\"section\" data-e-type=\"section\">\n\t\t\t\t\t\t<div class=\"elementor-container elementor-column-gap-no\">\n\t\t\t\t\t<div class=\"elementor-column elementor-col-100 elementor-top-column elementor-element elementor-element-7f8204d\" data-id=\"7f8204d\" data-element_type=\"column\" data-e-type=\"column\" data-settings=\"{&quot;background_background&quot;:&quot;classic&quot;}\">\n\t\t\t<div class=\"elementor-widget-wrap elementor-element-populated\">\n\t\t\t\t\t\t<div class=\"elementor-element elementor-element-4dffb81d elementor-widget elementor-widget-heading\" data-id=\"4dffb81d\" data-element_type=\"widget\" data-e-type=\"widget\" data-widget_type=\"heading.default\">\n\t\t\t\t<div class=\"elementor-widget-container\">\n\t\t\t\t\t<h3 class=\"elementor-heading-title elementor-size-default\">Faro Motorcycle Rally<\/h3>\t\t\t\t<\/div>\n\t\t\t\t<\/div>\n\t\t\t\t<div class=\"elementor-element elementor-element-2df86811 elementor-widget elementor-widget-text-editor\" data-id=\"2df86811\" data-element_type=\"widget\" data-e-type=\"widget\" data-widget_type=\"text-editor.default\">\n\t\t\t\t<div class=\"elementor-widget-container\">\n\t\t\t\t\t        <div class=\"elementor-text-editor elementor-clearfix\"><p>An annual event taking place in Faro (in 2023, it will be held from July 20th to 23rd), considered one of the largest and most popular motorcycle gatherings in Europe, attracting thousands of bikers from around the world. The highlights of the rally include motorcycle parades through the streets of Faro, stunt shows and maneuvers, live music performances, motorcycle fairs and exhibitions, contests and competitions, sales booths for accessories and gear, as well as a wide range of food and drinks. During the Faro Motorcycle Rally, the city is filled with a vibrant and exciting atmosphere, creating a sense of community among the participants.<\/p><\/div>\n        \t\t\t\t<\/div>\n\t\t\t\t<\/div>\n\t\t\t\t\t<\/div>\n\t\t<\/div>\n\t\t\t\t\t<\/div>\n\t\t<\/section>\n\t\t\t\t<section class=\"elementor-section elementor-top-section elementor-element elementor-element-ac66ec5 elementor-section-content-middle elementor-section-boxed elementor-section-height-default elementor-section-height-default\" data-id=\"ac66ec5\" data-element_type=\"section\" data-e-type=\"section\">\n\t\t\t\t\t\t<div class=\"elementor-container elementor-column-gap-no\">\n\t\t\t\t\t<div class=\"elementor-column elementor-col-100 elementor-top-column elementor-element elementor-element-e315abd\" data-id=\"e315abd\" data-element_type=\"column\" data-e-type=\"column\" data-settings=\"{&quot;background_background&quot;:&quot;classic&quot;}\">\n\t\t\t<div class=\"elementor-widget-wrap elementor-element-populated\">\n\t\t\t\t\t\t<div class=\"elementor-element elementor-element-112958b elementor-widget elementor-widget-heading\" data-id=\"112958b\" data-element_type=\"widget\" data-e-type=\"widget\" data-widget_type=\"heading.default\">\n\t\t\t\t<div class=\"elementor-widget-container\">\n\t\t\t\t\t<h3 class=\"elementor-heading-title elementor-size-default\">Festival F<\/h3>\t\t\t\t<\/div>\n\t\t\t\t<\/div>\n\t\t\t\t<div class=\"elementor-element elementor-element-304ae78 elementor-widget elementor-widget-text-editor\" data-id=\"304ae78\" data-element_type=\"widget\" data-e-type=\"widget\" data-widget_type=\"text-editor.default\">\n\t\t\t\t<div class=\"elementor-widget-container\">\n\t\t\t\t\t        <div class=\"elementor-text-editor elementor-clearfix\"><p>A cultural event taking place in Faro, lasting several days (in 2023, it will be held from September 7th to 9th). It features a diverse program of music, theater, dance, art exhibitions, and outdoor performances, attracting artists and visitors from various parts of the country.<\/p><\/div>\n        \t\t\t\t<\/div>\n\t\t\t\t<\/div>\n\t\t\t\t\t<\/div>\n\t\t<\/div>\n\t\t\t\t\t<\/div>\n\t\t<\/section>\n\t\t\t\t<section class=\"elementor-section elementor-top-section elementor-element elementor-element-7100e0e elementor-section-content-middle elementor-section-boxed elementor-section-height-default elementor-section-height-default\" data-id=\"7100e0e\" data-element_type=\"section\" data-e-type=\"section\">\n\t\t\t\t\t\t<div class=\"elementor-container elementor-column-gap-no\">\n\t\t\t\t\t<div class=\"elementor-column elementor-col-100 elementor-top-column elementor-element elementor-element-b02db16\" data-id=\"b02db16\" data-element_type=\"column\" data-e-type=\"column\" data-settings=\"{&quot;background_background&quot;:&quot;classic&quot;}\">\n\t\t\t<div class=\"elementor-widget-wrap elementor-element-populated\">\n\t\t\t\t\t\t<div class=\"elementor-element elementor-element-340e83e elementor-widget elementor-widget-heading\" data-id=\"340e83e\" data-element_type=\"widget\" data-e-type=\"widget\" data-widget_type=\"heading.default\">\n\t\t\t\t<div class=\"elementor-widget-container\">\n\t\t\t\t\t<h3 class=\"elementor-heading-title elementor-size-default\">Santa Iria Fair<\/h3>\t\t\t\t<\/div>\n\t\t\t\t<\/div>\n\t\t\t\t<div class=\"elementor-element elementor-element-e65192c elementor-widget elementor-widget-text-editor\" data-id=\"e65192c\" data-element_type=\"widget\" data-e-type=\"widget\" data-widget_type=\"text-editor.default\">\n\t\t\t\t<div class=\"elementor-widget-container\">\n\t\t\t\t\t        <div class=\"elementor-text-editor elementor-clearfix\"><p>Santa Iria Fair is a traditional popular fair held annually in October. During the event, the city center transforms into a large market with food stalls, crafts, toys, and amusements. There are also cultural performances, live music, and fireworks.<\/p><\/div>\n        \t\t\t\t<\/div>\n\t\t\t\t<\/div>\n\t\t\t\t\t<\/div>\n\t\t<\/div>\n\t\t\t\t\t<\/div>\n\t\t<\/section>\n\t\t\t\t<section class=\"elementor-section elementor-top-section elementor-element elementor-element-c30cb58 elementor-section-content-middle elementor-section-boxed elementor-section-height-default elementor-section-height-default\" data-id=\"c30cb58\" data-element_type=\"section\" data-e-type=\"section\">\n\t\t\t\t\t\t<div class=\"elementor-container elementor-column-gap-no\">\n\t\t\t\t\t<div class=\"elementor-column elementor-col-100 elementor-top-column elementor-element elementor-element-8271bd0\" data-id=\"8271bd0\" data-element_type=\"column\" data-e-type=\"column\" data-settings=\"{&quot;background_background&quot;:&quot;classic&quot;}\">\n\t\t\t<div class=\"elementor-widget-wrap elementor-element-populated\">\n\t\t\t\t\t\t<div class=\"elementor-element elementor-element-997f03b elementor-widget elementor-widget-heading\" data-id=\"997f03b\" data-element_type=\"widget\" data-e-type=\"widget\" data-widget_type=\"heading.default\">\n\t\t\t\t<div class=\"elementor-widget-container\">\n\t\t\t\t\t<h3 class=\"elementor-heading-title elementor-size-default\">International Folklore Festival - FolkFaro<\/h3>\t\t\t\t<\/div>\n\t\t\t\t<\/div>\n\t\t\t\t<div class=\"elementor-element elementor-element-a0c1777 elementor-widget elementor-widget-text-editor\" data-id=\"a0c1777\" data-element_type=\"widget\" data-e-type=\"widget\" data-widget_type=\"text-editor.default\">\n\t\t\t\t<div class=\"elementor-widget-container\">\n\t\t\t\t\t        <div class=\"elementor-text-editor elementor-clearfix\"><p>The International Folklore Festival of Faro (usually held in August) brings together folk groups from different countries to showcase traditional dances and music. It is an opportunity to get to know and appreciate the cultural traditions from various parts of the world.<\/p><\/div>\n        \t\t\t\t<\/div>\n\t\t\t\t<\/div>\n\t\t\t\t\t<\/div>\n\t\t<\/div>\n\t\t\t\t\t<\/div>\n\t\t<\/section>\n\t\t\t\t<section class=\"elementor-section elementor-top-section elementor-element elementor-element-70d5ba7 elementor-section-content-middle elementor-section-boxed elementor-section-height-default elementor-section-height-default\" data-id=\"70d5ba7\" data-element_type=\"section\" data-e-type=\"section\">\n\t\t\t\t\t\t<div class=\"elementor-container elementor-column-gap-no\">\n\t\t\t\t\t<div class=\"elementor-column elementor-col-100 elementor-top-column elementor-element elementor-element-80c71bf\" data-id=\"80c71bf\" data-element_type=\"column\" data-e-type=\"column\" data-settings=\"{&quot;background_background&quot;:&quot;classic&quot;}\">\n\t\t\t<div class=\"elementor-widget-wrap elementor-element-populated\">\n\t\t\t\t\t\t<div class=\"elementor-element elementor-element-371fab8 elementor-widget elementor-widget-heading\" data-id=\"371fab8\" data-element_type=\"widget\" data-e-type=\"widget\" data-widget_type=\"heading.default\">\n\t\t\t\t<div class=\"elementor-widget-container\">\n\t\t\t\t\t<h3 class=\"elementor-heading-title elementor-size-default\">Faro Summer Fair<\/h3>\t\t\t\t<\/div>\n\t\t\t\t<\/div>\n\t\t\t\t<div class=\"elementor-element elementor-element-aeb52e3 elementor-widget elementor-widget-text-editor\" data-id=\"aeb52e3\" data-element_type=\"widget\" data-e-type=\"widget\" data-widget_type=\"text-editor.default\">\n\t\t\t\t<div class=\"elementor-widget-container\">\n\t\t\t\t\t        <div class=\"elementor-text-editor elementor-clearfix\"><p>During the summer, Faro Summer Fair offers a combination of attractions for the whole family. There is an amusement park with roller coasters, bumper cars, and games, as well as food stalls, crafts, and live entertainment.<\/p><\/div>\n        \t\t\t\t<\/div>\n\t\t\t\t<\/div>\n\t\t\t\t\t<\/div>\n\t\t<\/div>\n\t\t\t\t\t<\/div>\n\t\t<\/section>\n\t\t\t\t<section class=\"elementor-section elementor-top-section elementor-element elementor-element-200aafd elementor-section-boxed elementor-section-height-default elementor-section-height-default\" data-id=\"200aafd\" data-element_type=\"section\" data-e-type=\"section\">\n\t\t\t\t\t\t<div class=\"elementor-container elementor-column-gap-default\">\n\t\t\t\t\t<div class=\"elementor-column elementor-col-100 elementor-top-column elementor-element elementor-element-657a3a4\" data-id=\"657a3a4\" data-element_type=\"column\" data-e-type=\"column\">\n\t\t\t<div class=\"elementor-widget-wrap elementor-element-populated\">\n\t\t\t\t\t\t<div class=\"elementor-element elementor-element-642cb88 elementor-widget elementor-widget-text-editor\" data-id=\"642cb88\" data-element_type=\"widget\" data-e-type=\"widget\" data-widget_type=\"text-editor.default\">\n\t\t\t\t<div class=\"elementor-widget-container\">\n\t\t\t\t\t        <div class=\"elementor-text-editor elementor-clearfix\"><p><strong>Summary: <\/strong><\/p><p><strong>Charolas Festival<\/strong> (January), <strong>Santos Populares<\/strong> (June), <strong>Alameda Beer Fest<\/strong> (July), <strong>International Motorcycle Rally<\/strong> (July), <strong>Ria Formosa Festival<\/strong> (July\/August), <strong>Faro Book Fair<\/strong> (August), <strong>FolkFaro <\/strong>(August), <strong>Festival F<\/strong> (September), <strong>Santa Iria Fair<\/strong> (October), <strong>Organ Festival<\/strong> (November), <strong>Christmas Concert Series<\/strong> <strong>and New Year&#8217;s Eve<\/strong> (December).<\/p><p>These are just a few of the significant events that take place in Faro. The city has a dynamic and diverse agenda, with festivals, fairs and celebrations throughout the year, offering cultural, sports, and entertainment options for all tastes. Learn more at <span style=\"color: #066a7a;\"><a style=\"color: #066a7a;\" href=\"https:\/\/www.cm-faro.pt\/pt\/menu\/480\/faro-comvida.aspx\" target=\"_blank\" rel=\"noopener noreferrer nofollow\">Faro Comvida<\/a><\/span> e <span style=\"color: #066a7a;\"><a style=\"color: #066a7a;\" href=\"https:\/\/www.cm-faro.pt\/pt\/menu\/934\/eventos-relevantes.aspx\" target=\"_blank\" rel=\"noopener noreferrer nofollow\">CM Faro<\/a><\/span>.<\/p><\/div>\n        \t\t\t\t<\/div>\n\t\t\t\t<\/div>\n\t\t\t\t\t<\/div>\n\t\t<\/div>\n\t\t\t\t\t<\/div>\n\t\t<\/section>\n\t\t\t\t<\/div>\n\t\t","protected":false},"excerpt":{"rendered":"<p>Faro Motorcycle Rally An annual event taking place in Faro (in 2023, it will be held from July 20th to 23rd), considered one of the largest and most popular motorcycle gatherings in Europe, attracting thousands of bikers from around the world. The highlights of the rally include motorcycle parades through the streets of Faro, stunt &hellip; <span class=\"more-link-wrap\"><a href=\"https:\/\/madeinnfaro.pt\/en\/events\/\" class=\"more-link\">Read More <span class=\"screen-reader-text\"> &#8220;Events&#8221;<\/span><\/a><\/span><\/p>\n","protected":false},"author":1,"featured_media":0,"parent":0,"menu_order":0,"comment_status":"closed","ping_status":"closed","template":"","meta":{"inline_featured_image":false,"footnotes":""},"class_list":["post-6497","page","type-page","status-publish","hentry"],"yoast_head":"<!-- This site is optimized with the Yoast SEO plugin v27.2 - https:\/\/yoast.com\/product\/yoast-seo-wordpress\/ -->\n<title>Events - Made Inn Faro<\/title>\n<meta name=\"robots\" content=\"index, follow, max-snippet:-1, max-image-preview:large, max-video-preview:-1\" \/>\n<link rel=\"canonical\" href=\"https:\/\/madeinnfaro.pt\/en\/events\/\" \/>\n<meta property=\"og:locale\" content=\"en_US\" \/>\n<meta property=\"og:type\" content=\"article\" \/>\n<meta property=\"og:title\" content=\"Events - Made Inn Faro\" \/>\n<meta property=\"og:description\" content=\"Faro Motorcycle Rally An annual event taking place in Faro (in 2023, it will be held from July 20th to 23rd), considered one of the largest and most popular motorcycle gatherings in Europe, attracting thousands of bikers from around the world. The highlights of the rally include motorcycle parades through the streets of Faro, stunt &hellip; Read More &quot;Events&quot;\" \/>\n<meta property=\"og:url\" content=\"https:\/\/madeinnfaro.pt\/en\/events\/\" \/>\n<meta property=\"og:site_name\" content=\"Made Inn Faro\" \/>\n<meta property=\"article:modified_time\" content=\"2023-07-03T15:34:19+00:00\" \/>\n<meta name=\"twitter:card\" content=\"summary_large_image\" \/>\n<meta name=\"twitter:label1\" content=\"Est. reading time\" \/>\n\t<meta name=\"twitter:data1\" content=\"2 minutes\" \/>\n<script type=\"application\/ld+json\" class=\"yoast-schema-graph\">{\"@context\":\"https:\/\/schema.org\",\"@graph\":[{\"@type\":\"WebPage\",\"@id\":\"https:\/\/madeinnfaro.pt\/en\/events\/\",\"url\":\"https:\/\/madeinnfaro.pt\/en\/events\/\",\"name\":\"Events - Made Inn Faro\",\"isPartOf\":{\"@id\":\"https:\/\/madeinnfaro.pt\/en\/#website\"},\"datePublished\":\"2023-05-29T14:43:20+00:00\",\"dateModified\":\"2023-07-03T15:34:19+00:00\",\"breadcrumb\":{\"@id\":\"https:\/\/madeinnfaro.pt\/en\/events\/#breadcrumb\"},\"inLanguage\":\"en-US\",\"potentialAction\":[{\"@type\":\"ReadAction\",\"target\":[\"https:\/\/madeinnfaro.pt\/en\/events\/\"]}]},{\"@type\":\"BreadcrumbList\",\"@id\":\"https:\/\/madeinnfaro.pt\/en\/events\/#breadcrumb\",\"itemListElement\":[{\"@type\":\"ListItem\",\"position\":1,\"name\":\"In\u00edcio\",\"item\":\"https:\/\/madeinnfaro.pt\/en\/\"},{\"@type\":\"ListItem\",\"position\":2,\"name\":\"Events\"}]},{\"@type\":\"WebSite\",\"@id\":\"https:\/\/madeinnfaro.pt\/en\/#website\",\"url\":\"https:\/\/madeinnfaro.pt\/en\/\",\"name\":\"Made Inn Faro\",\"description\":\"O Hotel MADE INN Faro \u00e9 um hotel urbano, elegante, pr\u00e1tico e muito confort\u00e1vel. Situado na cidade de Faro, capital de distrito do sotavento Algarvio, tem vistas para a cidade e para a Ria Formosa.\",\"publisher\":{\"@id\":\"https:\/\/madeinnfaro.pt\/en\/#organization\"},\"potentialAction\":[{\"@type\":\"SearchAction\",\"target\":{\"@type\":\"EntryPoint\",\"urlTemplate\":\"https:\/\/madeinnfaro.pt\/en\/?s={search_term_string}\"},\"query-input\":{\"@type\":\"PropertyValueSpecification\",\"valueRequired\":true,\"valueName\":\"search_term_string\"}}],\"inLanguage\":\"en-US\"},{\"@type\":\"Organization\",\"@id\":\"https:\/\/madeinnfaro.pt\/en\/#organization\",\"name\":\"Made Inn Faro\",\"url\":\"https:\/\/madeinnfaro.pt\/en\/\",\"logo\":{\"@type\":\"ImageObject\",\"inLanguage\":\"en-US\",\"@id\":\"https:\/\/madeinnfaro.pt\/en\/#\/schema\/logo\/image\/\",\"url\":\"https:\/\/madeinnfaro.pt\/wp-content\/uploads\/2023\/05\/logo-made-inn-faro_250.png\",\"contentUrl\":\"https:\/\/madeinnfaro.pt\/wp-content\/uploads\/2023\/05\/logo-made-inn-faro_250.png\",\"width\":250,\"height\":169,\"caption\":\"Made Inn Faro\"},\"image\":{\"@id\":\"https:\/\/madeinnfaro.pt\/en\/#\/schema\/logo\/image\/\"}}]}<\/script>\n<!-- \/ Yoast SEO plugin. -->","yoast_head_json":{"title":"Events - Made Inn Faro","robots":{"index":"index","follow":"follow","max-snippet":"max-snippet:-1","max-image-preview":"max-image-preview:large","max-video-preview":"max-video-preview:-1"},"canonical":"https:\/\/madeinnfaro.pt\/en\/events\/","og_locale":"en_US","og_type":"article","og_title":"Events - Made Inn Faro","og_description":"Faro Motorcycle Rally An annual event taking place in Faro (in 2023, it will be held from July 20th to 23rd), considered one of the largest and most popular motorcycle gatherings in Europe, attracting thousands of bikers from around the world. The highlights of the rally include motorcycle parades through the streets of Faro, stunt &hellip; Read More \"Events\"","og_url":"https:\/\/madeinnfaro.pt\/en\/events\/","og_site_name":"Made Inn Faro","article_modified_time":"2023-07-03T15:34:19+00:00","twitter_card":"summary_large_image","twitter_misc":{"Est. reading time":"2 minutes"},"schema":{"@context":"https:\/\/schema.org","@graph":[{"@type":"WebPage","@id":"https:\/\/madeinnfaro.pt\/en\/events\/","url":"https:\/\/madeinnfaro.pt\/en\/events\/","name":"Events - Made Inn Faro","isPartOf":{"@id":"https:\/\/madeinnfaro.pt\/en\/#website"},"datePublished":"2023-05-29T14:43:20+00:00","dateModified":"2023-07-03T15:34:19+00:00","breadcrumb":{"@id":"https:\/\/madeinnfaro.pt\/en\/events\/#breadcrumb"},"inLanguage":"en-US","potentialAction":[{"@type":"ReadAction","target":["https:\/\/madeinnfaro.pt\/en\/events\/"]}]},{"@type":"BreadcrumbList","@id":"https:\/\/madeinnfaro.pt\/en\/events\/#breadcrumb","itemListElement":[{"@type":"ListItem","position":1,"name":"In\u00edcio","item":"https:\/\/madeinnfaro.pt\/en\/"},{"@type":"ListItem","position":2,"name":"Events"}]},{"@type":"WebSite","@id":"https:\/\/madeinnfaro.pt\/en\/#website","url":"https:\/\/madeinnfaro.pt\/en\/","name":"Made Inn Faro","description":"O Hotel MADE INN Faro \u00e9 um hotel urbano, elegante, pr\u00e1tico e muito confort\u00e1vel. Situado na cidade de Faro, capital de distrito do sotavento Algarvio, tem vistas para a cidade e para a Ria Formosa.","publisher":{"@id":"https:\/\/madeinnfaro.pt\/en\/#organization"},"potentialAction":[{"@type":"SearchAction","target":{"@type":"EntryPoint","urlTemplate":"https:\/\/madeinnfaro.pt\/en\/?s={search_term_string}"},"query-input":{"@type":"PropertyValueSpecification","valueRequired":true,"valueName":"search_term_string"}}],"inLanguage":"en-US"},{"@type":"Organization","@id":"https:\/\/madeinnfaro.pt\/en\/#organization","name":"Made Inn Faro","url":"https:\/\/madeinnfaro.pt\/en\/","logo":{"@type":"ImageObject","inLanguage":"en-US","@id":"https:\/\/madeinnfaro.pt\/en\/#\/schema\/logo\/image\/","url":"https:\/\/madeinnfaro.pt\/wp-content\/uploads\/2023\/05\/logo-made-inn-faro_250.png","contentUrl":"https:\/\/madeinnfaro.pt\/wp-content\/uploads\/2023\/05\/logo-made-inn-faro_250.png","width":250,"height":169,"caption":"Made Inn Faro"},"image":{"@id":"https:\/\/madeinnfaro.pt\/en\/#\/schema\/logo\/image\/"}}]}},"_links":{"self":[{"href":"https:\/\/madeinnfaro.pt\/en\/wp-json\/wp\/v2\/pages\/6497","targetHints":{"allow":["GET"]}}],"collection":[{"href":"https:\/\/madeinnfaro.pt\/en\/wp-json\/wp\/v2\/pages"}],"about":[{"href":"https:\/\/madeinnfaro.pt\/en\/wp-json\/wp\/v2\/types\/page"}],"author":[{"embeddable":true,"href":"https:\/\/madeinnfaro.pt\/en\/wp-json\/wp\/v2\/users\/1"}],"replies":[{"embeddable":true,"href":"https:\/\/madeinnfaro.pt\/en\/wp-json\/wp\/v2\/comments?post=6497"}],"version-history":[{"count":5,"href":"https:\/\/madeinnfaro.pt\/en\/wp-json\/wp\/v2\/pages\/6497\/revisions"}],"predecessor-version":[{"id":6510,"href":"https:\/\/madeinnfaro.pt\/en\/wp-json\/wp\/v2\/pages\/6497\/revisions\/6510"}],"wp:attachment":[{"href":"https:\/\/madeinnfaro.pt\/en\/wp-json\/wp\/v2\/media?parent=6497"}],"curies":[{"name":"wp","href":"https:\/\/api.w.org\/{rel}","templated":true}]}}