{"id":6481,"date":"2023-05-29T15:03:44","date_gmt":"2023-05-29T15:03:44","guid":{"rendered":"https:\/\/madeinnfaro.pt\/os-nossos-quartos\/"},"modified":"2023-07-18T13:44:22","modified_gmt":"2023-07-18T13:44:22","slug":"our-rooms","status":"publish","type":"page","link":"https:\/\/madeinnfaro.pt\/en\/our-rooms\/","title":{"rendered":"Our Rooms"},"content":{"rendered":"\t\t<div data-elementor-type=\"wp-page\" data-elementor-id=\"6481\" class=\"elementor elementor-6481 elementor-5804\" data-elementor-post-type=\"page\">\n\t\t\t\t\t\t<section class=\"elementor-section elementor-top-section elementor-element elementor-element-fbcb6f5 elementor-section-boxed elementor-section-height-default elementor-section-height-default\" data-id=\"fbcb6f5\" data-element_type=\"section\" data-e-type=\"section\">\n\t\t\t\t\t\t<div class=\"elementor-container elementor-column-gap-default\">\n\t\t\t\t\t<div class=\"elementor-column elementor-col-100 elementor-top-column elementor-element elementor-element-d10b9b5\" data-id=\"d10b9b5\" data-element_type=\"column\" data-e-type=\"column\">\n\t\t\t<div class=\"elementor-widget-wrap elementor-element-populated\">\n\t\t\t\t\t\t<div class=\"elementor-element elementor-element-ad76115 elementor-align-center elementor-widget elementor-widget-heading\" data-id=\"ad76115\" data-element_type=\"widget\" data-e-type=\"widget\" data-widget_type=\"heading.default\">\n\t\t\t\t<div class=\"elementor-widget-container\">\n\t\t\t\t\t<span class=\"sub-title\">OUR ROOMS<\/span><h2 class=\"elementor-heading-title elementor-size-default\">The best comfort at\n<br>the best price<\/h2>\t\t\t\t<\/div>\n\t\t\t\t<\/div>\n\t\t\t\t<div class=\"elementor-element elementor-element-b67eb02 elementor-widget elementor-widget-text-editor\" data-id=\"b67eb02\" data-element_type=\"widget\" data-e-type=\"widget\" data-widget_type=\"text-editor.default\">\n\t\t\t\t<div class=\"elementor-widget-container\">\n\t\t\t\t\t        <div class=\"elementor-text-editor elementor-clearfix\"><p>Do you want to have the best location combined with a good rest without paying too much for it? We have it. Completely renovated, our rooms allow you to enjoy great moments in our hotel, in a modern and relaxed atmosphere.<\/p><p>Choose your room, and we&#8217;ll take care of the rest.<\/p><\/div>\n        \t\t\t\t<\/div>\n\t\t\t\t<\/div>\n\t\t\t\t\t<\/div>\n\t\t<\/div>\n\t\t\t\t\t<\/div>\n\t\t<\/section>\n\t\t\t\t<section class=\"elementor-section elementor-top-section elementor-element elementor-element-35c8a625 elementor-section-content-middle elementor-section-boxed elementor-section-height-default elementor-section-height-default\" data-id=\"35c8a625\" data-element_type=\"section\" data-e-type=\"section\">\n\t\t\t\t\t\t<div class=\"elementor-container elementor-column-gap-no\">\n\t\t\t\t\t<div class=\"elementor-column elementor-col-50 elementor-top-column elementor-element elementor-element-6d42f82b\" data-id=\"6d42f82b\" data-element_type=\"column\" data-e-type=\"column\" data-settings=\"{&quot;background_background&quot;:&quot;classic&quot;}\">\n\t\t\t<div class=\"elementor-widget-wrap elementor-element-populated\">\n\t\t\t\t\t\t<div class=\"elementor-element elementor-element-208ba621 elementor-widget elementor-widget-spacer\" data-id=\"208ba621\" data-element_type=\"widget\" data-e-type=\"widget\" data-widget_type=\"spacer.default\">\n\t\t\t\t<div class=\"elementor-widget-container\">\n\t\t\t\t\t\t\t<div class=\"elementor-spacer\">\n\t\t\t<div class=\"elementor-spacer-inner\"><\/div>\n\t\t<\/div>\n\t\t\t\t\t\t<\/div>\n\t\t\t\t<\/div>\n\t\t\t\t\t<\/div>\n\t\t<\/div>\n\t\t\t\t<div class=\"elementor-column elementor-col-50 elementor-top-column elementor-element elementor-element-789ecbf\" data-id=\"789ecbf\" data-element_type=\"column\" data-e-type=\"column\" data-settings=\"{&quot;background_background&quot;:&quot;classic&quot;}\">\n\t\t\t<div class=\"elementor-widget-wrap elementor-element-populated\">\n\t\t\t\t\t\t<div class=\"elementor-element elementor-element-601e1125 elementor-widget elementor-widget-heading\" data-id=\"601e1125\" data-element_type=\"widget\" data-e-type=\"widget\" data-widget_type=\"heading.default\">\n\t\t\t\t<div class=\"elementor-widget-container\">\n\t\t\t\t\t<h2 class=\"elementor-heading-title elementor-size-default\">Single (1 person)<\/h2>\t\t\t\t<\/div>\n\t\t\t\t<\/div>\n\t\t\t\t<div class=\"elementor-element elementor-element-2448a1b0 elementor-widget elementor-widget-text-editor\" data-id=\"2448a1b0\" data-element_type=\"widget\" data-e-type=\"widget\" data-widget_type=\"text-editor.default\">\n\t\t\t\t<div class=\"elementor-widget-container\">\n\t\t\t\t\t        <div class=\"elementor-text-editor elementor-clearfix\"><p>This room is elegant and comfortable, with a refreshing double bed, <strong>LCD TV and a private bathroom<\/strong> with a shower and hairdryer. It features <strong>air conditioning, a telephone, free Wi-Fi internet<\/strong>, a possible workspace and\/or balcony and all the necessary elements for a relaxing and peaceful stay.<\/p><p>Possibility of 1 crib (free up to 4 years old), subject to availability.<\/p><\/div>\n        \t\t\t\t<\/div>\n\t\t\t\t<\/div>\n\t\t\t\t<div class=\"elementor-element elementor-element-33760603 elementor-button-outline_primary elementor-widget elementor-widget-button\" data-id=\"33760603\" data-element_type=\"widget\" data-e-type=\"widget\" data-widget_type=\"button.default\">\n\t\t\t\t<div class=\"elementor-widget-container\">\n\t\t\t\t\t        <div class=\"elementor-button-wrapper\">\n            <a href=\"https:\/\/securept3.e-gds.com\/madeinnfaro\/light\/default.aspx?filterroomtypeid=12&amp;lang=en \" class=\"elementor-button-link elementor-button elementor-size-md\" target=\"_blank\" role=\"button\">\n                        <span class=\"elementor-button-content-wrapper\">\n\t\t\t                <span class=\"elementor-button-icon elementor-align-icon-right\">\n\t\t\t\t<i class=\"opal-icon-long-arrow-right\" aria-hidden=\"true\"><\/i>\n\t\t\t<\/span>\n                        <span class=\"elementor-button-text\">Book<\/span>\n\t\t<\/span>\n\n\n                <\/a>\n        <\/div>\n        \t\t\t\t<\/div>\n\t\t\t\t<\/div>\n\t\t\t\t\t<\/div>\n\t\t<\/div>\n\t\t\t\t\t<\/div>\n\t\t<\/section>\n\t\t\t\t<section class=\"elementor-section elementor-top-section elementor-element elementor-element-dc2912a elementor-section-content-middle elementor-section-boxed elementor-section-height-default elementor-section-height-default\" data-id=\"dc2912a\" data-element_type=\"section\" data-e-type=\"section\">\n\t\t\t\t\t\t<div class=\"elementor-container elementor-column-gap-no\">\n\t\t\t\t\t<div class=\"elementor-column elementor-col-50 elementor-top-column elementor-element elementor-element-8bcd0f9\" data-id=\"8bcd0f9\" data-element_type=\"column\" data-e-type=\"column\" data-settings=\"{&quot;background_background&quot;:&quot;classic&quot;}\">\n\t\t\t<div class=\"elementor-widget-wrap elementor-element-populated\">\n\t\t\t\t\t\t<div class=\"elementor-element elementor-element-1c5cfa9 elementor-widget elementor-widget-spacer\" data-id=\"1c5cfa9\" data-element_type=\"widget\" data-e-type=\"widget\" data-widget_type=\"spacer.default\">\n\t\t\t\t<div class=\"elementor-widget-container\">\n\t\t\t\t\t\t\t<div class=\"elementor-spacer\">\n\t\t\t<div class=\"elementor-spacer-inner\"><\/div>\n\t\t<\/div>\n\t\t\t\t\t\t<\/div>\n\t\t\t\t<\/div>\n\t\t\t\t\t<\/div>\n\t\t<\/div>\n\t\t\t\t<div class=\"elementor-column elementor-col-50 elementor-top-column elementor-element elementor-element-7e5311d\" data-id=\"7e5311d\" data-element_type=\"column\" data-e-type=\"column\" data-settings=\"{&quot;background_background&quot;:&quot;classic&quot;}\">\n\t\t\t<div class=\"elementor-widget-wrap elementor-element-populated\">\n\t\t\t\t\t\t<div class=\"elementor-element elementor-element-72188c2 elementor-widget elementor-widget-heading\" data-id=\"72188c2\" data-element_type=\"widget\" data-e-type=\"widget\" data-widget_type=\"heading.default\">\n\t\t\t\t<div class=\"elementor-widget-container\">\n\t\t\t\t\t<h2 class=\"elementor-heading-title elementor-size-default\">Double \/ Twin (2 persons)<\/h2>\t\t\t\t<\/div>\n\t\t\t\t<\/div>\n\t\t\t\t<div class=\"elementor-element elementor-element-c4d3c19 elementor-widget elementor-widget-text-editor\" data-id=\"c4d3c19\" data-element_type=\"widget\" data-e-type=\"widget\" data-widget_type=\"text-editor.default\">\n\t\t\t\t<div class=\"elementor-widget-container\">\n\t\t\t\t\t        <div class=\"elementor-text-editor elementor-clearfix\"><p>Elegance and comfort are the keywords in this room. It consists of twin beds or a double bed, very revitalizing, <strong>LCD TV, a private bathroom<\/strong> with a shower and hairdryer. It features <strong>air conditioning, a telephone, free Wi-Fi internet<\/strong>, a possible workspace and\/or balcony and all the necessary elements to enjoy moments of tranquility and rest.<\/p><p>Possibility of 1 crib (free up to 4 years old), subject to availability.<\/p><\/div>\n        \t\t\t\t<\/div>\n\t\t\t\t<\/div>\n\t\t\t\t<div class=\"elementor-element elementor-element-7a821b9 elementor-button-outline_primary elementor-widget elementor-widget-button\" data-id=\"7a821b9\" data-element_type=\"widget\" data-e-type=\"widget\" data-widget_type=\"button.default\">\n\t\t\t\t<div class=\"elementor-widget-container\">\n\t\t\t\t\t        <div class=\"elementor-button-wrapper\">\n            <a href=\"https:\/\/securept3.e-gds.com\/madeinnfaro\/light\/default.aspx?filterroomtypeid=14&amp;lang=en \" class=\"elementor-button-link elementor-button elementor-size-md\" target=\"_blank\" role=\"button\">\n                        <span class=\"elementor-button-content-wrapper\">\n\t\t\t                <span class=\"elementor-button-icon elementor-align-icon-right\">\n\t\t\t\t<i class=\"opal-icon-long-arrow-right\" aria-hidden=\"true\"><\/i>\n\t\t\t<\/span>\n                        <span class=\"elementor-button-text\">Book<\/span>\n\t\t<\/span>\n\n\n                <\/a>\n        <\/div>\n        \t\t\t\t<\/div>\n\t\t\t\t<\/div>\n\t\t\t\t\t<\/div>\n\t\t<\/div>\n\t\t\t\t\t<\/div>\n\t\t<\/section>\n\t\t\t\t<section class=\"elementor-section elementor-top-section elementor-element elementor-element-63dc3ac elementor-section-content-middle elementor-section-boxed elementor-section-height-default elementor-section-height-default\" data-id=\"63dc3ac\" data-element_type=\"section\" data-e-type=\"section\">\n\t\t\t\t\t\t<div class=\"elementor-container elementor-column-gap-no\">\n\t\t\t\t\t<div class=\"elementor-column elementor-col-50 elementor-top-column elementor-element elementor-element-5930670\" data-id=\"5930670\" data-element_type=\"column\" data-e-type=\"column\" data-settings=\"{&quot;background_background&quot;:&quot;classic&quot;}\">\n\t\t\t<div class=\"elementor-widget-wrap elementor-element-populated\">\n\t\t\t\t\t\t<div class=\"elementor-element elementor-element-475d50f elementor-widget elementor-widget-spacer\" data-id=\"475d50f\" data-element_type=\"widget\" data-e-type=\"widget\" data-widget_type=\"spacer.default\">\n\t\t\t\t<div class=\"elementor-widget-container\">\n\t\t\t\t\t\t\t<div class=\"elementor-spacer\">\n\t\t\t<div class=\"elementor-spacer-inner\"><\/div>\n\t\t<\/div>\n\t\t\t\t\t\t<\/div>\n\t\t\t\t<\/div>\n\t\t\t\t\t<\/div>\n\t\t<\/div>\n\t\t\t\t<div class=\"elementor-column elementor-col-50 elementor-top-column elementor-element elementor-element-2c53806\" data-id=\"2c53806\" data-element_type=\"column\" data-e-type=\"column\" data-settings=\"{&quot;background_background&quot;:&quot;classic&quot;}\">\n\t\t\t<div class=\"elementor-widget-wrap elementor-element-populated\">\n\t\t\t\t\t\t<div class=\"elementor-element elementor-element-fb7d792 elementor-widget elementor-widget-heading\" data-id=\"fb7d792\" data-element_type=\"widget\" data-e-type=\"widget\" data-widget_type=\"heading.default\">\n\t\t\t\t<div class=\"elementor-widget-container\">\n\t\t\t\t\t<h2 class=\"elementor-heading-title elementor-size-default\">Triple (3 people)<\/h2>\t\t\t\t<\/div>\n\t\t\t\t<\/div>\n\t\t\t\t<div class=\"elementor-element elementor-element-d76f220 elementor-widget elementor-widget-text-editor\" data-id=\"d76f220\" data-element_type=\"widget\" data-e-type=\"widget\" data-widget_type=\"text-editor.default\">\n\t\t\t\t<div class=\"elementor-widget-container\">\n\t\t\t\t\t        <div class=\"elementor-text-editor elementor-clearfix\"><p>Are you looking for serenity and relaxation with your family or friends? This room is perfect for that. It consists of 3 single beds or 1 double bed + 1 single bed, very comfortable, a <strong>private bathroom<\/strong> with a shower and hairdryer, <strong>LCD TV and workspace<\/strong>. It features <strong>air conditioning, a telephone, free Wi-Fi internet<\/strong>, a possible balcony and everything you need to ensure a peaceful stay according to your mood.<\/p><p>Possibility of 1 crib (free up to 4 years old), subject to availability.<\/p><\/div>\n        \t\t\t\t<\/div>\n\t\t\t\t<\/div>\n\t\t\t\t<div class=\"elementor-element elementor-element-3619cd7 elementor-button-outline_primary elementor-widget elementor-widget-button\" data-id=\"3619cd7\" data-element_type=\"widget\" data-e-type=\"widget\" data-widget_type=\"button.default\">\n\t\t\t\t<div class=\"elementor-widget-container\">\n\t\t\t\t\t        <div class=\"elementor-button-wrapper\">\n            <a href=\"https:\/\/securept3.e-gds.com\/madeinnfaro\/light\/default.aspx?filterroomtypeid=15&amp;lang=en \" class=\"elementor-button-link elementor-button elementor-size-md\" target=\"_blank\" role=\"button\">\n                        <span class=\"elementor-button-content-wrapper\">\n\t\t\t                <span class=\"elementor-button-icon elementor-align-icon-right\">\n\t\t\t\t<i class=\"opal-icon-long-arrow-right\" aria-hidden=\"true\"><\/i>\n\t\t\t<\/span>\n                        <span class=\"elementor-button-text\">Book<\/span>\n\t\t<\/span>\n\n\n                <\/a>\n        <\/div>\n        \t\t\t\t<\/div>\n\t\t\t\t<\/div>\n\t\t\t\t\t<\/div>\n\t\t<\/div>\n\t\t\t\t\t<\/div>\n\t\t<\/section>\n\t\t\t\t<section class=\"elementor-section elementor-top-section elementor-element elementor-element-724e897 elementor-section-content-middle elementor-section-boxed elementor-section-height-default elementor-section-height-default\" data-id=\"724e897\" data-element_type=\"section\" data-e-type=\"section\">\n\t\t\t\t\t\t<div class=\"elementor-container elementor-column-gap-no\">\n\t\t\t\t\t<div class=\"elementor-column elementor-col-50 elementor-top-column elementor-element elementor-element-536198c\" data-id=\"536198c\" data-element_type=\"column\" data-e-type=\"column\" data-settings=\"{&quot;background_background&quot;:&quot;classic&quot;}\">\n\t\t\t<div class=\"elementor-widget-wrap elementor-element-populated\">\n\t\t\t\t\t\t<div class=\"elementor-element elementor-element-3b04283 elementor-widget elementor-widget-spacer\" data-id=\"3b04283\" data-element_type=\"widget\" data-e-type=\"widget\" data-widget_type=\"spacer.default\">\n\t\t\t\t<div class=\"elementor-widget-container\">\n\t\t\t\t\t\t\t<div class=\"elementor-spacer\">\n\t\t\t<div class=\"elementor-spacer-inner\"><\/div>\n\t\t<\/div>\n\t\t\t\t\t\t<\/div>\n\t\t\t\t<\/div>\n\t\t\t\t\t<\/div>\n\t\t<\/div>\n\t\t\t\t<div class=\"elementor-column elementor-col-50 elementor-top-column elementor-element elementor-element-c5cd235\" data-id=\"c5cd235\" data-element_type=\"column\" data-e-type=\"column\" data-settings=\"{&quot;background_background&quot;:&quot;classic&quot;}\">\n\t\t\t<div class=\"elementor-widget-wrap elementor-element-populated\">\n\t\t\t\t\t\t<div class=\"elementor-element elementor-element-c440507 elementor-widget elementor-widget-heading\" data-id=\"c440507\" data-element_type=\"widget\" data-e-type=\"widget\" data-widget_type=\"heading.default\">\n\t\t\t\t<div class=\"elementor-widget-container\">\n\t\t\t\t\t<h2 class=\"elementor-heading-title elementor-size-default\">Family (5 people)<\/h2>\t\t\t\t<\/div>\n\t\t\t\t<\/div>\n\t\t\t\t<div class=\"elementor-element elementor-element-3e83cc7 elementor-widget elementor-widget-text-editor\" data-id=\"3e83cc7\" data-element_type=\"widget\" data-e-type=\"widget\" data-widget_type=\"text-editor.default\">\n\t\t\t\t<div class=\"elementor-widget-container\">\n\t\t\t\t\t        <div class=\"elementor-text-editor elementor-clearfix\"><p>Large family? Can&#8217;t find accommodation? Here, you can! Accommodate your family or friends in this room. With two <strong>connecting rooms<\/strong>, it offers the <strong>privacy<\/strong> desired by the couple, in a cozy double bed, accompanied by another room with 3 single beds. Featuring <strong>large windows and two balconies<\/strong>, which offer a <strong>stunning view<\/strong> from the 5th floor of the city and Ria Formosa, aviation enthusiasts will love watching the planes land on the horizon. It has a <strong>private bathroom<\/strong> with a shower and hairdryer<strong>, LCD TV and workspace<\/strong>. It also includes a wardrobe, <strong>air conditioning, telephone and free Wi-Fi internet<\/strong>.<\/p><p>Possibility of 1 crib (free up to 4 years old), subject to availability.<\/p><\/div>\n        \t\t\t\t<\/div>\n\t\t\t\t<\/div>\n\t\t\t\t<div class=\"elementor-element elementor-element-d0769a5 elementor-button-outline_primary elementor-widget elementor-widget-button\" data-id=\"d0769a5\" data-element_type=\"widget\" data-e-type=\"widget\" data-widget_type=\"button.default\">\n\t\t\t\t<div class=\"elementor-widget-container\">\n\t\t\t\t\t        <div class=\"elementor-button-wrapper\">\n            <a href=\"https:\/\/securept3.e-gds.com\/madeinnfaro\/light\/default.aspx?filterroomtypeid=16&amp;lang=en \" class=\"elementor-button-link elementor-button elementor-size-md\" target=\"_blank\" role=\"button\">\n                        <span class=\"elementor-button-content-wrapper\">\n\t\t\t                <span class=\"elementor-button-icon elementor-align-icon-right\">\n\t\t\t\t<i class=\"opal-icon-long-arrow-right\" aria-hidden=\"true\"><\/i>\n\t\t\t<\/span>\n                        <span class=\"elementor-button-text\">Book<\/span>\n\t\t<\/span>\n\n\n                <\/a>\n        <\/div>\n        \t\t\t\t<\/div>\n\t\t\t\t<\/div>\n\t\t\t\t\t<\/div>\n\t\t<\/div>\n\t\t\t\t\t<\/div>\n\t\t<\/section>\n\t\t\t\t<\/div>\n\t\t","protected":false},"excerpt":{"rendered":"<p>OUR ROOMS The best comfort at the best price Do you want to have the best location combined with a good rest without paying too much for it? We have it. Completely renovated, our rooms allow you to enjoy great moments in our hotel, in a modern and relaxed atmosphere. Choose your room, and we&#8217;ll &hellip; <span class=\"more-link-wrap\"><a href=\"https:\/\/madeinnfaro.pt\/en\/our-rooms\/\" class=\"more-link\">Read More <span class=\"screen-reader-text\"> &#8220;Our Rooms&#8221;<\/span><\/a><\/span><\/p>\n","protected":false},"author":1,"featured_media":0,"parent":0,"menu_order":0,"comment_status":"closed","ping_status":"closed","template":"","meta":{"inline_featured_image":false,"footnotes":""},"class_list":["post-6481","page","type-page","status-publish","hentry"],"yoast_head":"<!-- This site is optimized with the Yoast SEO plugin v27.4 - https:\/\/yoast.com\/product\/yoast-seo-wordpress\/ -->\n<title>Our Rooms - Made Inn Faro<\/title>\n<meta name=\"robots\" content=\"index, follow, max-snippet:-1, max-image-preview:large, max-video-preview:-1\" \/>\n<link rel=\"canonical\" href=\"https:\/\/madeinnfaro.pt\/en\/our-rooms\/\" \/>\n<meta property=\"og:locale\" content=\"en_US\" \/>\n<meta property=\"og:type\" content=\"article\" \/>\n<meta property=\"og:title\" content=\"Our Rooms - Made Inn Faro\" \/>\n<meta property=\"og:description\" content=\"OUR ROOMS The best comfort at the best price Do you want to have the best location combined with a good rest without paying too much for it? We have it. Completely renovated, our rooms allow you to enjoy great moments in our hotel, in a modern and relaxed atmosphere. Choose your room, and we&#8217;ll &hellip; Read More &quot;Our Rooms&quot;\" \/>\n<meta property=\"og:url\" content=\"https:\/\/madeinnfaro.pt\/en\/our-rooms\/\" \/>\n<meta property=\"og:site_name\" content=\"Made Inn Faro\" \/>\n<meta property=\"article:modified_time\" content=\"2023-07-18T13:44:22+00:00\" \/>\n<meta name=\"twitter:card\" content=\"summary_large_image\" \/>\n<meta name=\"twitter:label1\" content=\"Est. reading time\" \/>\n\t<meta name=\"twitter:data1\" content=\"2 minutes\" \/>\n<script type=\"application\/ld+json\" class=\"yoast-schema-graph\">{\"@context\":\"https:\\\/\\\/schema.org\",\"@graph\":[{\"@type\":\"WebPage\",\"@id\":\"https:\\\/\\\/madeinnfaro.pt\\\/en\\\/our-rooms\\\/\",\"url\":\"https:\\\/\\\/madeinnfaro.pt\\\/en\\\/our-rooms\\\/\",\"name\":\"Our Rooms - Made Inn Faro\",\"isPartOf\":{\"@id\":\"https:\\\/\\\/madeinnfaro.pt\\\/en\\\/#website\"},\"datePublished\":\"2023-05-29T15:03:44+00:00\",\"dateModified\":\"2023-07-18T13:44:22+00:00\",\"breadcrumb\":{\"@id\":\"https:\\\/\\\/madeinnfaro.pt\\\/en\\\/our-rooms\\\/#breadcrumb\"},\"inLanguage\":\"en-US\",\"potentialAction\":[{\"@type\":\"ReadAction\",\"target\":[\"https:\\\/\\\/madeinnfaro.pt\\\/en\\\/our-rooms\\\/\"]}]},{\"@type\":\"BreadcrumbList\",\"@id\":\"https:\\\/\\\/madeinnfaro.pt\\\/en\\\/our-rooms\\\/#breadcrumb\",\"itemListElement\":[{\"@type\":\"ListItem\",\"position\":1,\"name\":\"In\u00edcio\",\"item\":\"https:\\\/\\\/madeinnfaro.pt\\\/en\\\/\"},{\"@type\":\"ListItem\",\"position\":2,\"name\":\"Our Rooms\"}]},{\"@type\":\"WebSite\",\"@id\":\"https:\\\/\\\/madeinnfaro.pt\\\/en\\\/#website\",\"url\":\"https:\\\/\\\/madeinnfaro.pt\\\/en\\\/\",\"name\":\"Made Inn Faro\",\"description\":\"O Hotel MADE INN Faro \u00e9 um hotel urbano, elegante, pr\u00e1tico e muito confort\u00e1vel. Situado na cidade de Faro, capital de distrito do sotavento Algarvio, tem vistas para a cidade e para a Ria Formosa.\",\"publisher\":{\"@id\":\"https:\\\/\\\/madeinnfaro.pt\\\/en\\\/#organization\"},\"potentialAction\":[{\"@type\":\"SearchAction\",\"target\":{\"@type\":\"EntryPoint\",\"urlTemplate\":\"https:\\\/\\\/madeinnfaro.pt\\\/en\\\/?s={search_term_string}\"},\"query-input\":{\"@type\":\"PropertyValueSpecification\",\"valueRequired\":true,\"valueName\":\"search_term_string\"}}],\"inLanguage\":\"en-US\"},{\"@type\":\"Organization\",\"@id\":\"https:\\\/\\\/madeinnfaro.pt\\\/en\\\/#organization\",\"name\":\"Made Inn Faro\",\"url\":\"https:\\\/\\\/madeinnfaro.pt\\\/en\\\/\",\"logo\":{\"@type\":\"ImageObject\",\"inLanguage\":\"en-US\",\"@id\":\"https:\\\/\\\/madeinnfaro.pt\\\/en\\\/#\\\/schema\\\/logo\\\/image\\\/\",\"url\":\"https:\\\/\\\/madeinnfaro.pt\\\/wp-content\\\/uploads\\\/2023\\\/05\\\/logo-made-inn-faro_250.png\",\"contentUrl\":\"https:\\\/\\\/madeinnfaro.pt\\\/wp-content\\\/uploads\\\/2023\\\/05\\\/logo-made-inn-faro_250.png\",\"width\":250,\"height\":169,\"caption\":\"Made Inn Faro\"},\"image\":{\"@id\":\"https:\\\/\\\/madeinnfaro.pt\\\/en\\\/#\\\/schema\\\/logo\\\/image\\\/\"}}]}<\/script>\n<!-- \/ Yoast SEO plugin. -->","yoast_head_json":{"title":"Our Rooms - Made Inn Faro","robots":{"index":"index","follow":"follow","max-snippet":"max-snippet:-1","max-image-preview":"max-image-preview:large","max-video-preview":"max-video-preview:-1"},"canonical":"https:\/\/madeinnfaro.pt\/en\/our-rooms\/","og_locale":"en_US","og_type":"article","og_title":"Our Rooms - Made Inn Faro","og_description":"OUR ROOMS The best comfort at the best price Do you want to have the best location combined with a good rest without paying too much for it? We have it. Completely renovated, our rooms allow you to enjoy great moments in our hotel, in a modern and relaxed atmosphere. Choose your room, and we&#8217;ll &hellip; Read More \"Our Rooms\"","og_url":"https:\/\/madeinnfaro.pt\/en\/our-rooms\/","og_site_name":"Made Inn Faro","article_modified_time":"2023-07-18T13:44:22+00:00","twitter_card":"summary_large_image","twitter_misc":{"Est. reading time":"2 minutes"},"schema":{"@context":"https:\/\/schema.org","@graph":[{"@type":"WebPage","@id":"https:\/\/madeinnfaro.pt\/en\/our-rooms\/","url":"https:\/\/madeinnfaro.pt\/en\/our-rooms\/","name":"Our Rooms - Made Inn Faro","isPartOf":{"@id":"https:\/\/madeinnfaro.pt\/en\/#website"},"datePublished":"2023-05-29T15:03:44+00:00","dateModified":"2023-07-18T13:44:22+00:00","breadcrumb":{"@id":"https:\/\/madeinnfaro.pt\/en\/our-rooms\/#breadcrumb"},"inLanguage":"en-US","potentialAction":[{"@type":"ReadAction","target":["https:\/\/madeinnfaro.pt\/en\/our-rooms\/"]}]},{"@type":"BreadcrumbList","@id":"https:\/\/madeinnfaro.pt\/en\/our-rooms\/#breadcrumb","itemListElement":[{"@type":"ListItem","position":1,"name":"In\u00edcio","item":"https:\/\/madeinnfaro.pt\/en\/"},{"@type":"ListItem","position":2,"name":"Our Rooms"}]},{"@type":"WebSite","@id":"https:\/\/madeinnfaro.pt\/en\/#website","url":"https:\/\/madeinnfaro.pt\/en\/","name":"Made Inn Faro","description":"O Hotel MADE INN Faro \u00e9 um hotel urbano, elegante, pr\u00e1tico e muito confort\u00e1vel. Situado na cidade de Faro, capital de distrito do sotavento Algarvio, tem vistas para a cidade e para a Ria Formosa.","publisher":{"@id":"https:\/\/madeinnfaro.pt\/en\/#organization"},"potentialAction":[{"@type":"SearchAction","target":{"@type":"EntryPoint","urlTemplate":"https:\/\/madeinnfaro.pt\/en\/?s={search_term_string}"},"query-input":{"@type":"PropertyValueSpecification","valueRequired":true,"valueName":"search_term_string"}}],"inLanguage":"en-US"},{"@type":"Organization","@id":"https:\/\/madeinnfaro.pt\/en\/#organization","name":"Made Inn Faro","url":"https:\/\/madeinnfaro.pt\/en\/","logo":{"@type":"ImageObject","inLanguage":"en-US","@id":"https:\/\/madeinnfaro.pt\/en\/#\/schema\/logo\/image\/","url":"https:\/\/madeinnfaro.pt\/wp-content\/uploads\/2023\/05\/logo-made-inn-faro_250.png","contentUrl":"https:\/\/madeinnfaro.pt\/wp-content\/uploads\/2023\/05\/logo-made-inn-faro_250.png","width":250,"height":169,"caption":"Made Inn Faro"},"image":{"@id":"https:\/\/madeinnfaro.pt\/en\/#\/schema\/logo\/image\/"}}]}},"_links":{"self":[{"href":"https:\/\/madeinnfaro.pt\/en\/wp-json\/wp\/v2\/pages\/6481","targetHints":{"allow":["GET"]}}],"collection":[{"href":"https:\/\/madeinnfaro.pt\/en\/wp-json\/wp\/v2\/pages"}],"about":[{"href":"https:\/\/madeinnfaro.pt\/en\/wp-json\/wp\/v2\/types\/page"}],"author":[{"embeddable":true,"href":"https:\/\/madeinnfaro.pt\/en\/wp-json\/wp\/v2\/users\/1"}],"replies":[{"embeddable":true,"href":"https:\/\/madeinnfaro.pt\/en\/wp-json\/wp\/v2\/comments?post=6481"}],"version-history":[{"count":5,"href":"https:\/\/madeinnfaro.pt\/en\/wp-json\/wp\/v2\/pages\/6481\/revisions"}],"predecessor-version":[{"id":7075,"href":"https:\/\/madeinnfaro.pt\/en\/wp-json\/wp\/v2\/pages\/6481\/revisions\/7075"}],"wp:attachment":[{"href":"https:\/\/madeinnfaro.pt\/en\/wp-json\/wp\/v2\/media?parent=6481"}],"curies":[{"name":"wp","href":"https:\/\/api.w.org\/{rel}","templated":true}]}}